{"id":38780,"date":"2016-11-28T12:09:40","date_gmt":"2016-11-28T12:09:40","guid":{"rendered":"https:\/\/www.shineiberia.tv\/contacto\/"},"modified":"2024-10-04T12:16:16","modified_gmt":"2024-10-04T12:16:16","slug":"contacto","status":"publish","type":"page","link":"https:\/\/shineiberia.tv\/pt-pt\/contacto\/","title":{"rendered":"Contacto"},"content":{"rendered":"<p>[et_pb_section fb_built=&#8221;1&#8243; disabled_on=&#8221;off|off|off&#8221; admin_label=&#8221;Cabecera &#8221; module_class=&#8221;secc-catg-a secc-cont-a&#8221; _builder_version=&#8221;4.21.0&#8243; _module_preset=&#8221;default&#8221; background_color=&#8221;rgba(0,0,0,0.65)&#8221; background_image=&#8221;https:\/\/www.shineiberia.tv\/wp-content\/uploads\/2023\/06\/cabecera-contacto.jpeg&#8221; background_blend=&#8221;multiply&#8221; da_disable_devices=&#8221;off|off|off&#8221; locked=&#8221;off&#8221; global_colors_info=&#8221;{}&#8221; da_is_popup=&#8221;off&#8221; da_exit_intent=&#8221;off&#8221; da_has_close=&#8221;on&#8221; da_alt_close=&#8221;off&#8221; da_dark_close=&#8221;off&#8221; da_not_modal=&#8221;on&#8221; da_is_singular=&#8221;off&#8221; da_with_loader=&#8221;off&#8221; da_has_shadow=&#8221;on&#8221;][et_pb_row _builder_version=&#8221;4.19.5&#8243; _module_preset=&#8221;default&#8221; global_colors_info=&#8221;{}&#8221;][et_pb_column type=&#8221;4_4&#8243; _builder_version=&#8221;4.19.5&#8243; _module_preset=&#8221;default&#8221; global_colors_info=&#8221;{}&#8221;][et_pb_text _builder_version=&#8221;4.20.4&#8243; _module_preset=&#8221;default&#8221; global_colors_info=&#8221;{}&#8221;]<\/p>\n<h1 class=\"ld-h1-b\">CONTACTO<\/h1>\n<p>[\/et_pb_text][\/et_pb_column][\/et_pb_row][\/et_pb_section][et_pb_section fb_built=&#8221;1&#8243; module_class=&#8221;secc-cont-b&#8221; _builder_version=&#8221;4.20.4&#8243; _module_preset=&#8221;default&#8221; da_disable_devices=&#8221;off|off|off&#8221; global_colors_info=&#8221;{}&#8221; da_is_popup=&#8221;off&#8221; da_exit_intent=&#8221;off&#8221; da_has_close=&#8221;on&#8221; da_alt_close=&#8221;off&#8221; da_dark_close=&#8221;off&#8221; da_not_modal=&#8221;on&#8221; da_is_singular=&#8221;off&#8221; da_with_loader=&#8221;off&#8221; da_has_shadow=&#8221;on&#8221;][et_pb_row column_structure=&#8221;1_2,1_2&#8243; use_custom_gutter=&#8221;on&#8221; gutter_width=&#8221;4&#8243; _builder_version=&#8221;4.21.0&#8243; _module_preset=&#8221;default&#8221; global_colors_info=&#8221;{}&#8221;][et_pb_column type=&#8221;1_2&#8243; module_class=&#8221;col-a&#8221; _builder_version=&#8221;4.21.0&#8243; _module_preset=&#8221;default&#8221; global_colors_info=&#8221;{}&#8221;][et_pb_text admin_label=&#8221;Titular&#8221; module_class=&#8221;mod-txt&#8221; _builder_version=&#8221;4.20.4&#8243; _module_preset=&#8221;default&#8221; locked=&#8221;off&#8221; global_colors_info=&#8221;{}&#8221;]<\/p>\n<h2 class=\"ld-h2-b\">MADRID<\/h2>\n<p>[\/et_pb_text][et_pb_text _builder_version=&#8221;4.20.4&#8243; _module_preset=&#8221;default&#8221; locked=&#8221;off&#8221; global_colors_info=&#8221;{}&#8221;]<\/p>\n<p class=\"ld-p-g\">Calle Mira Ceti, 1, 28023<br \/>\nAravaca, Spain, Madrid<\/p>\n<p class=\"ld-p-g\">+34 913 576 280<\/p>\n<p class=\"ld-p-g\">info@shineiberia.tv<\/p>\n<p>[\/et_pb_text][et_pb_code _builder_version=&#8221;4.20.4&#8243; _module_preset=&#8221;default&#8221; global_colors_info=&#8221;{}&#8221;]<iframe src=\"https:\/\/www.google.com\/maps\/embed?pb=!1m18!1m12!1m3!1d8966.28528977832!2d-3.7836078342590374!3d40.460652837757756!2m3!1f0!2f0!3f0!3m2!1i1024!2i768!4f13.1!3m3!1m2!1s0xd4187056ab4aac1%3A0xc68e2f5f4ecad645!2sC.%20Mira%20Ceti%2C%201%2C%2028023%20Madrid!5e0!3m2!1ses!2ses!4v1683658989899!5m2!1ses!2ses\" width=\"600\" height=\"350\" style=\"border:0;\" allowfullscreen=\"\" loading=\"lazy\" referrerpolicy=\"no-referrer-when-downgrade\"><\/iframe>[\/et_pb_code][\/et_pb_column][et_pb_column type=&#8221;1_2&#8243; module_class=&#8221;col-b&#8221; _builder_version=&#8221;4.21.0&#8243; _module_preset=&#8221;default&#8221; global_colors_info=&#8221;{}&#8221;][et_pb_text admin_label=&#8221;Titular&#8221; module_class=&#8221;mod-txt&#8221; _builder_version=&#8221;4.20.4&#8243; _module_preset=&#8221;default&#8221; locked=&#8221;off&#8221; global_colors_info=&#8221;{}&#8221;]<\/p>\n<h2 class=\"ld-h2-b\">LISBOA<\/h2>\n<p>[\/et_pb_text][et_pb_text _builder_version=&#8221;4.25.1&#8243; _module_preset=&#8221;default&#8221; hover_enabled=&#8221;0&#8243; locked=&#8221;off&#8221; global_colors_info=&#8221;{}&#8221; sticky_enabled=&#8221;0&#8243;]<\/p>\n<p class=\"ld-p-g\">Av. Barbosa Du Bocage, 113\/117 \u2013 4\u00ba Esq.<br \/>Lisboa, Portugal, 1050-186<\/p>\n<p class=\"ld-p-g\">+351 213 569 010<\/p>\n<p class=\"ld-p-g\">geral@shineiberia.tv<\/p>\n<p>[\/et_pb_text][et_pb_code _builder_version=&#8221;4.20.4&#8243; _module_preset=&#8221;default&#8221; global_colors_info=&#8221;{}&#8221;]<iframe src=\"https:\/\/www.google.com\/maps\/embed?pb=!1m18!1m12!1m3!1d3112.0443079609367!2d-9.152029024108199!3d38.73974545599105!2m3!1f0!2f0!3f0!3m2!1i1024!2i768!4f13.1!3m3!1m2!1s0xd1933096b6a87a1%3A0xc9df593c64cb00b9!2sShine%20Iberia!5e0!3m2!1ses!2ses!4v1683659188702!5m2!1ses!2ses\" width=\"600\" height=\"350\" style=\"border:0;\" allowfullscreen=\"\" loading=\"lazy\" referrerpolicy=\"no-referrer-when-downgrade\"><\/iframe>[\/et_pb_code][\/et_pb_column][\/et_pb_row][\/et_pb_section][et_pb_section fb_built=&#8221;1&#8243; admin_label=&#8221;Contacta con nosotros&#8221; module_class=&#8221;secc-home-c secc-cont-c&#8221; _builder_version=&#8221;4.20.4&#8243; _module_preset=&#8221;default&#8221; da_disable_devices=&#8221;off|off|off&#8221; locked=&#8221;off&#8221; collapsed=&#8221;off&#8221; global_colors_info=&#8221;{}&#8221; da_is_popup=&#8221;off&#8221; da_exit_intent=&#8221;off&#8221; da_has_close=&#8221;on&#8221; da_alt_close=&#8221;off&#8221; da_dark_close=&#8221;off&#8221; da_not_modal=&#8221;on&#8221; da_is_singular=&#8221;off&#8221; da_with_loader=&#8221;off&#8221; da_has_shadow=&#8221;on&#8221;][et_pb_row module_class=&#8221;fila-a&#8221; _builder_version=&#8221;4.20.1&#8243; _module_preset=&#8221;default&#8221; global_colors_info=&#8221;{}&#8221;][et_pb_column type=&#8221;4_4&#8243; _builder_version=&#8221;4.20.1&#8243; _module_preset=&#8221;default&#8221; global_colors_info=&#8221;{}&#8221;][et_pb_text admin_label=&#8221;Titular&#8221; module_class=&#8221;mod-txt&#8221; _builder_version=&#8221;4.21.0&#8243; _module_preset=&#8221;default&#8221; global_colors_info=&#8221;{}&#8221;]<\/p>\n<h2 class=\"ld-h2-b\">CONTACTO CONNOSCO<\/h2>\n<p>[\/et_pb_text][et_pb_text _builder_version=&#8221;4.21.0&#8243; _module_preset=&#8221;default&#8221; global_colors_info=&#8221;{}&#8221;]<\/p>\n<p class=\"ld-p-g\">Quer entrar em contacto connosco? Tem uma ideia para um novo formato que quer tornar realidade? gostaria de se juntar \u00e0 nossa equipa? gostaria de nos enviar uma sugest\u00e3o? Se partilha a nossa paix\u00e3o pela televis\u00e3o, preencha o formul\u00e1rio com o seu pedido de informa\u00e7\u00e3o:<\/p>\n<p>[\/et_pb_text][dvppl_cf7_styler cf7=&#8221;22661&#8243; form_background_color=&#8221;RGBA(255,255,255,0)&#8221; _builder_version=&#8221;4.21.0&#8243; _module_preset=&#8221;default&#8221; custom_submit_button=&#8221;on&#8221; submit_button_text_size=&#8221;18px&#8221; submit_button_text_color=&#8221;#FFFFFF&#8221; submit_button_bg_color=&#8221;#000000&#8243; submit_button_border_width=&#8221;0px&#8221; submit_button_border_color=&#8221;RGBA(255,255,255,0)&#8221; submit_button_border_radius=&#8221;0px&#8221; border_width_all_field=&#8221;1px&#8221; border_color_all_field=&#8221;#000000&#8243; global_colors_info=&#8221;{}&#8221;][\/dvppl_cf7_styler][\/et_pb_column][\/et_pb_row][\/et_pb_section][et_pb_section fb_built=&#8221;1&#8243; admin_label=&#8221;Sobre nosotros&#8221; module_id=&#8221;reid&#8221; module_class=&#8221;secc-home-d secc-cont-d&#8221; _builder_version=&#8221;4.20.4&#8243; _module_preset=&#8221;default&#8221; da_disable_devices=&#8221;off|off|off&#8221; locked=&#8221;off&#8221; global_colors_info=&#8221;{}&#8221; da_is_popup=&#8221;off&#8221; da_exit_intent=&#8221;off&#8221; da_has_close=&#8221;on&#8221; da_alt_close=&#8221;off&#8221; da_dark_close=&#8221;off&#8221; da_not_modal=&#8221;on&#8221; da_is_singular=&#8221;off&#8221; da_with_loader=&#8221;off&#8221; da_has_shadow=&#8221;on&#8221;][et_pb_row module_class=&#8221;fila-b&#8221; _builder_version=&#8221;4.20.1&#8243; _module_preset=&#8221;default&#8221; global_colors_info=&#8221;{}&#8221;][et_pb_column type=&#8221;4_4&#8243; _builder_version=&#8221;4.20.1&#8243; _module_preset=&#8221;default&#8221; global_colors_info=&#8221;{}&#8221;][dipl_image_card_carousel cards_per_slide=&#8221;4&#8243; autoplay=&#8221;off&#8221; show_arrow=&#8221;on&#8221; show_control_dot=&#8221;on&#8221; cards_per_slide_tablet=&#8221;2&#8243; cards_per_slide_phone=&#8221;1&#8243; module_id=&#8221;sob-nos&#8221; module_class=&#8221;mod-car&#8221; _builder_version=&#8221;4.21.0&#8243; _module_preset=&#8221;default&#8221; locked=&#8221;off&#8221; global_colors_info=&#8221;{}&#8221;][dipl_image_card_carousel_item icon=&#8221;&#xe09d;||divi||400&#8243; content_bg_enable_image=&#8221;off&#8221; _builder_version=&#8221;4.21.0&#8243; _module_preset=&#8221;default&#8221; background_image=&#8221;https:\/\/www.shineiberia.tv\/wp-content\/uploads\/2023\/05\/Representacion.jpeg&#8221; background_enable_image=&#8221;on&#8221; background_blend=&#8221;multiply&#8221; background_last_edited=&#8221;off|desktop&#8221; global_colors_info=&#8221;{}&#8221; content_bg_color__hover_enabled=&#8221;off|hover&#8221; content_bg_enable_color__hover=&#8221;off&#8221; content_bg_blend__hover=&#8221;multiply&#8221; background__hover_enabled=&#8221;off|hover&#8221; background_enable_color__hover=&#8221;off&#8221; background_blend__hover=&#8221;multiply&#8221;]<\/p>\n<p id=\"nom-eq\" class=\"ld-p-b txt-rep\">Representa\u00e7\u00e3o<\/p>\n<p id=\"nom-txt\" class=\"ld-p-b\">Contrate diretamente j\u00faris e concorrentes de todos os nossos programas para as suas campanhas publicit\u00e1rias e qualquer tipo de a\u00e7\u00e3o ou evento. Contacte-nos e encontraremos a melhor forma de colaborar. Escreva-nos para:  <a href=\"representacion@shineiberia.tv\">representacion@shineiberia.tv<\/a><\/p>\n<p><a href=\"\/pt-pt\/main-home\/representacao\/\"><\/p>\n<p id=\"nom-txt\" class=\"ld-p-ba\">Ver mais<\/p>\n<p><\/a>[\/dipl_image_card_carousel_item][dipl_image_card_carousel_item icon=&#8221;&#xe09d;||divi||400&#8243; _builder_version=&#8221;4.21.0&#8243; _module_preset=&#8221;default&#8221; background_image=&#8221;https:\/\/www.shineiberia.tv\/wp-content\/uploads\/2023\/04\/comercial.jpeg&#8221; background_enable_image=&#8221;on&#8221; background_blend=&#8221;multiply&#8221; global_colors_info=&#8221;{}&#8221; content_bg_color__hover_enabled=&#8221;off|desktop&#8221; content_bg_enable_color__hover=&#8221;off&#8221; background__hover_enabled=&#8221;off|hover&#8221; background_enable_color__hover=&#8221;off&#8221; background_blend__hover=&#8221;multiply&#8221;]<\/p>\n<p id=\"nom-eq\" class=\"ld-p-b txt-ec\">Equipa comercial<\/p>\n<p id=\"nom-txt\" class=\"ld-p-b\">A\u00e7\u00f5es criativas de impacto integradas em programas de hor\u00e1rio nobre. Patroc\u00ednios, product placement ou desenvolvimento de programas inteiramente criados como branded content.  <a href=\"comercial@shineiberia.tv\">comercial@shineiberia.tv<\/a><\/p>\n<p><a href=\"\/pt-pt\/main-home\/equipa-comercial\/\"><\/p>\n<p id=\"nom-txt\" class=\"ld-p-ba\">Ver mais<\/p>\n<p><\/a>[\/dipl_image_card_carousel_item][dipl_image_card_carousel_item icon=&#8221;&#xe09d;||divi||400&#8243; _builder_version=&#8221;4.21.0&#8243; _module_preset=&#8221;default&#8221; background_image=&#8221;https:\/\/www.shineiberia.tv\/wp-content\/uploads\/2023\/04\/desarrollo.jpeg&#8221; background_enable_image=&#8221;on&#8221; background_blend=&#8221;multiply&#8221; global_colors_info=&#8221;{}&#8221; content_bg_color__hover_enabled=&#8221;on|hover&#8221; content_bg_color__hover=&#8221;&#8221; content_bg_enable_color__hover=&#8221;off&#8221;]<\/p>\n<p id=\"nom-eq\" class=\"ld-p-b inc-di\" >I&#038;D incubadora de ideias<\/p>\n<p id=\"nom-txt\" class=\"ld-p-b\">Desenvolvimento de novos projetos audiovisuais de entretenimento e document\u00e1rios. Apostamos no talento e nas pequenas ideias que podem transformar-se em grandes formatos televisivos. Contacte-nos em: <a href=\"desarrollo@shineiberia.tv\">desarrollo@shineiberia.tv<\/a> <\/p>\n<p><a href=\"\/pt-pt\/main-home\/id-incubadora-de-ideias\/\"><\/p>\n<p id=\"nom-txt\" class=\"ld-p-ba\">Ver mais<\/p>\n<p><\/a>[\/dipl_image_card_carousel_item][dipl_image_card_carousel_item icon=&#8221;&#xe09d;||divi||400&#8243; content_bg_enable_image=&#8221;off&#8221; _builder_version=&#8221;4.21.0&#8243; _module_preset=&#8221;default&#8221; background_image=&#8221;https:\/\/www.shineiberia.tv\/wp-content\/uploads\/2023\/04\/comunicacion_.jpg&#8221; background_enable_image=&#8221;on&#8221; background_blend=&#8221;multiply&#8221; global_colors_info=&#8221;{}&#8221; content_bg_color__hover_enabled=&#8221;off|desktop&#8221; content_bg_enable_color__hover=&#8221;off&#8221;]<\/p>\n<p id=\"nom-eq\" class=\"ld-p-b inc-di\" >Digital, comunica\u00e7\u00e3o e marketing<\/p>\n<p id=\"nom-txt\" class=\"ld-p-b\">Coordena\u00e7\u00e3o de informa\u00e7\u00e3o e entrevistas com a imprensa. Desenvolvimento de novos conte\u00fados para plataformas sociais com conte\u00fados transversais digitais e multiplataforma.  <a href=\"comunicacion@shineiberia.tv\">comunicacion@shineiberia.tv<\/a><\/p>\n<p><a href=\"\/pt-pt\/main-home\/digital-comunicacao-e-marketing\/\"><\/p>\n<p id=\"nom-txt\" class=\"ld-p-ba\">Ver mais<\/p>\n<p><\/a>[\/dipl_image_card_carousel_item][\/dipl_image_card_carousel][\/et_pb_column][\/et_pb_row][\/et_pb_section]<\/p>\n","protected":false},"excerpt":{"rendered":"<p>CONTACTOMADRIDCalle Mira Ceti, 1, 28023 Aravaca, Spain, Madrid +34 913 576 280 info@shineiberia.tvLISBOAAv. Barbosa Du Bocage, 113\/117 \u2013 4\u00ba Esq.Lisboa, Portugal, 1050-186 +351 213 569 010 geral@shineiberia.tvCONTACTO CONNOSCOQuer entrar em contacto connosco? Tem uma ideia para um novo formato que quer tornar realidade? gostaria de se juntar \u00e0 nossa equipa? gostaria de nos enviar uma [&hellip;]<\/p>\n","protected":false},"author":1,"featured_media":0,"parent":0,"menu_order":110,"comment_status":"closed","ping_status":"closed","template":"","meta":{"_acf_changed":false,"_et_pb_use_builder":"on","_et_pb_old_content":"","_et_gb_content_width":"","footnotes":""},"class_list":["post-38780","page","type-page","status-publish","hentry"],"acf":[],"yoast_head":"<!-- This site is optimized with the Yoast SEO plugin v25.9 - https:\/\/yoast.com\/wordpress\/plugins\/seo\/ -->\n<title>Contacto - Shine Iberia<\/title>\n<meta name=\"robots\" content=\"index, follow, max-snippet:-1, max-image-preview:large, max-video-preview:-1\" \/>\n<link rel=\"canonical\" href=\"https:\/\/www.shineiberia.tv\/pt-pt\/contacto\/\" \/>\n<meta property=\"og:locale\" content=\"pt_PT\" \/>\n<meta property=\"og:type\" content=\"article\" \/>\n<meta property=\"og:title\" content=\"Contacto - Shine Iberia\" \/>\n<meta property=\"og:site_name\" content=\"Shine Iberia\" \/>\n<meta property=\"article:modified_time\" content=\"2024-10-04T12:16:16+00:00\" \/>\n<meta name=\"twitter:card\" content=\"summary_large_image\" \/>\n<meta name=\"twitter:label1\" content=\"Tempo estimado de leitura\" \/>\n\t<meta name=\"twitter:data1\" content=\"2 minutos\" \/>\n<script type=\"application\/ld+json\" class=\"yoast-schema-graph\">{\"@context\":\"https:\/\/schema.org\",\"@graph\":[{\"@type\":\"WebPage\",\"@id\":\"https:\/\/www.shineiberia.tv\/pt-pt\/contacto\/\",\"url\":\"https:\/\/www.shineiberia.tv\/pt-pt\/contacto\/\",\"name\":\"Contacto - Shine Iberia\",\"isPartOf\":{\"@id\":\"https:\/\/www.shineiberia.tv\/en\/#website\"},\"datePublished\":\"2016-11-28T12:09:40+00:00\",\"dateModified\":\"2024-10-04T12:16:16+00:00\",\"breadcrumb\":{\"@id\":\"https:\/\/www.shineiberia.tv\/pt-pt\/contacto\/#breadcrumb\"},\"inLanguage\":\"pt-PT\",\"potentialAction\":[{\"@type\":\"ReadAction\",\"target\":[\"https:\/\/www.shineiberia.tv\/pt-pt\/contacto\/\"]}]},{\"@type\":\"BreadcrumbList\",\"@id\":\"https:\/\/www.shineiberia.tv\/pt-pt\/contacto\/#breadcrumb\",\"itemListElement\":[{\"@type\":\"ListItem\",\"position\":1,\"name\":\"Portada\",\"item\":\"https:\/\/shineiberia.tv\/pt-pt\/\"},{\"@type\":\"ListItem\",\"position\":2,\"name\":\"Contacto\"}]},{\"@type\":\"WebSite\",\"@id\":\"https:\/\/www.shineiberia.tv\/en\/#website\",\"url\":\"https:\/\/www.shineiberia.tv\/en\/\",\"name\":\"Shine Iberia\",\"description\":\"\",\"potentialAction\":[{\"@type\":\"SearchAction\",\"target\":{\"@type\":\"EntryPoint\",\"urlTemplate\":\"https:\/\/www.shineiberia.tv\/en\/?s={search_term_string}\"},\"query-input\":{\"@type\":\"PropertyValueSpecification\",\"valueRequired\":true,\"valueName\":\"search_term_string\"}}],\"inLanguage\":\"pt-PT\"}]}<\/script>\n<!-- \/ Yoast SEO plugin. -->","yoast_head_json":{"title":"Contacto - Shine Iberia","robots":{"index":"index","follow":"follow","max-snippet":"max-snippet:-1","max-image-preview":"max-image-preview:large","max-video-preview":"max-video-preview:-1"},"canonical":"https:\/\/www.shineiberia.tv\/pt-pt\/contacto\/","og_locale":"pt_PT","og_type":"article","og_title":"Contacto - Shine Iberia","og_site_name":"Shine Iberia","article_modified_time":"2024-10-04T12:16:16+00:00","twitter_card":"summary_large_image","twitter_misc":{"Tempo estimado de leitura":"2 minutos"},"schema":{"@context":"https:\/\/schema.org","@graph":[{"@type":"WebPage","@id":"https:\/\/www.shineiberia.tv\/pt-pt\/contacto\/","url":"https:\/\/www.shineiberia.tv\/pt-pt\/contacto\/","name":"Contacto - Shine Iberia","isPartOf":{"@id":"https:\/\/www.shineiberia.tv\/en\/#website"},"datePublished":"2016-11-28T12:09:40+00:00","dateModified":"2024-10-04T12:16:16+00:00","breadcrumb":{"@id":"https:\/\/www.shineiberia.tv\/pt-pt\/contacto\/#breadcrumb"},"inLanguage":"pt-PT","potentialAction":[{"@type":"ReadAction","target":["https:\/\/www.shineiberia.tv\/pt-pt\/contacto\/"]}]},{"@type":"BreadcrumbList","@id":"https:\/\/www.shineiberia.tv\/pt-pt\/contacto\/#breadcrumb","itemListElement":[{"@type":"ListItem","position":1,"name":"Portada","item":"https:\/\/shineiberia.tv\/pt-pt\/"},{"@type":"ListItem","position":2,"name":"Contacto"}]},{"@type":"WebSite","@id":"https:\/\/www.shineiberia.tv\/en\/#website","url":"https:\/\/www.shineiberia.tv\/en\/","name":"Shine Iberia","description":"","potentialAction":[{"@type":"SearchAction","target":{"@type":"EntryPoint","urlTemplate":"https:\/\/www.shineiberia.tv\/en\/?s={search_term_string}"},"query-input":{"@type":"PropertyValueSpecification","valueRequired":true,"valueName":"search_term_string"}}],"inLanguage":"pt-PT"}]}},"_links":{"self":[{"href":"https:\/\/shineiberia.tv\/pt-pt\/wp-json\/wp\/v2\/pages\/38780","targetHints":{"allow":["GET"]}}],"collection":[{"href":"https:\/\/shineiberia.tv\/pt-pt\/wp-json\/wp\/v2\/pages"}],"about":[{"href":"https:\/\/shineiberia.tv\/pt-pt\/wp-json\/wp\/v2\/types\/page"}],"author":[{"embeddable":true,"href":"https:\/\/shineiberia.tv\/pt-pt\/wp-json\/wp\/v2\/users\/1"}],"replies":[{"embeddable":true,"href":"https:\/\/shineiberia.tv\/pt-pt\/wp-json\/wp\/v2\/comments?post=38780"}],"version-history":[{"count":10,"href":"https:\/\/shineiberia.tv\/pt-pt\/wp-json\/wp\/v2\/pages\/38780\/revisions"}],"predecessor-version":[{"id":47318,"href":"https:\/\/shineiberia.tv\/pt-pt\/wp-json\/wp\/v2\/pages\/38780\/revisions\/47318"}],"wp:attachment":[{"href":"https:\/\/shineiberia.tv\/pt-pt\/wp-json\/wp\/v2\/media?parent=38780"}],"curies":[{"name":"wp","href":"https:\/\/api.w.org\/{rel}","templated":true}]}}