{"id":39176,"date":"2023-06-23T11:07:34","date_gmt":"2023-06-23T11:07:34","guid":{"rendered":"https:\/\/www.shineiberia.tv\/macarena-rey\/"},"modified":"2023-06-29T07:51:41","modified_gmt":"2023-06-29T07:51:41","slug":"macarena-rey","status":"publish","type":"page","link":"https:\/\/shineiberia.tv\/pt-pt\/shine-iberia\/macarena-rey\/","title":{"rendered":"Macarena Rey"},"content":{"rendered":"<p>[et_pb_section fb_built=&#8221;1&#8243; admin_label=&#8221;Foto Cabecera&#8221; module_class=&#8221;secc-cab-prog secc-eq-desc&#8221; _builder_version=&#8221;4.21.0&#8243; _module_preset=&#8221;default&#8221; background_enable_color=&#8221;off&#8221; background_image=&#8221;https:\/\/www.shineiberia.tv\/wp-content\/uploads\/2023\/06\/cabecera-shine-iberia.jpeg&#8221; background_blend=&#8221;multiply&#8221; da_disable_devices=&#8221;off|off|off&#8221; collapsed=&#8221;off&#8221; global_colors_info=&#8221;{}&#8221; da_is_popup=&#8221;off&#8221; da_exit_intent=&#8221;off&#8221; da_has_close=&#8221;on&#8221; da_alt_close=&#8221;off&#8221; da_dark_close=&#8221;off&#8221; da_not_modal=&#8221;on&#8221; da_is_singular=&#8221;off&#8221; da_with_loader=&#8221;off&#8221; da_has_shadow=&#8221;on&#8221;][et_pb_row _builder_version=&#8221;4.19.5&#8243; _module_preset=&#8221;default&#8221; global_colors_info=&#8221;{}&#8221;][et_pb_column type=&#8221;4_4&#8243; _builder_version=&#8221;4.19.5&#8243; _module_preset=&#8221;default&#8221; global_colors_info=&#8221;{}&#8221;][et_pb_text disabled_on=&#8221;off|off|on&#8221; admin_label=&#8221;Nombre &#8211; Mvl &#038; Tablet&#8221; _builder_version=&#8221;4.21.0&#8243; _module_preset=&#8221;default&#8221; global_colors_info=&#8221;{}&#8221;]<\/p>\n<h1 class=\"ld-h1-a\">Macarena Rey<\/h1>\n<p>[\/et_pb_text][\/et_pb_column][\/et_pb_row][\/et_pb_section][et_pb_section fb_built=&#8221;1&#8243; disabled_on=&#8221;on|on|off&#8221; admin_label=&#8221;Contenido Cabecera &#8211; PC&#8221; module_class=&#8221;secc-inic-a&#8221; _builder_version=&#8221;4.20.0&#8243; _module_preset=&#8221;default&#8221; background_enable_image=&#8221;off&#8221; da_disable_devices=&#8221;off|off|off&#8221; collapsed=&#8221;off&#8221; global_colors_info=&#8221;{}&#8221; da_is_popup=&#8221;off&#8221; da_exit_intent=&#8221;off&#8221; da_has_close=&#8221;on&#8221; da_alt_close=&#8221;off&#8221; da_dark_close=&#8221;off&#8221; da_not_modal=&#8221;on&#8221; da_is_singular=&#8221;off&#8221; da_with_loader=&#8221;off&#8221; da_has_shadow=&#8221;on&#8221;][et_pb_row column_structure=&#8221;1_3,2_3&#8243; disabled_on=&#8221;on|on|off&#8221; module_class=&#8221;fila-a&#8221; _builder_version=&#8221;4.21.0&#8243; _module_preset=&#8221;default&#8221; global_colors_info=&#8221;{}&#8221;][et_pb_column type=&#8221;1_3&#8243; module_class=&#8221;col-a&#8221; admin_label=&#8221;Foto con Logo del Programa en %22Fondo%22&#8243; _builder_version=&#8221;4.21.0&#8243; _module_preset=&#8221;default&#8221; background_image=&#8221;https:\/\/www.shineiberia.tv\/wp-content\/uploads\/2015\/07\/Macarena-Rey-500&#215;500.jpg&#8221; global_colors_info=&#8221;{}&#8221;][\/et_pb_column][et_pb_column type=&#8221;2_3&#8243; module_class=&#8221;col-b&#8221; _builder_version=&#8221;4.20.0&#8243; _module_preset=&#8221;default&#8221; global_colors_info=&#8221;{}&#8221;][et_pb_text admin_label=&#8221;Nombre &#8211; PC&#8221; _builder_version=&#8221;4.21.0&#8243; _module_preset=&#8221;default&#8221; global_colors_info=&#8221;{}&#8221;]<\/p>\n<h1 class=\"ld-h1-a\">Macarena Rey<\/h1>\n<p>[\/et_pb_text][et_pb_text admin_label=&#8221;Puesto&#8221; _builder_version=&#8221;4.21.0&#8243; _module_preset=&#8221;default&#8221; global_colors_info=&#8221;{}&#8221;]<\/p>\n<p class=\"ld-p-b\">CEO Shine Iberia<\/p>\n<p>[\/et_pb_text][\/et_pb_column][\/et_pb_row][\/et_pb_section][et_pb_section fb_built=&#8221;1&#8243; disabled_on=&#8221;off|off|on&#8221; admin_label=&#8221;Contenido Cabecera &#8211; Mvl &#038; Tablet&#8221; module_class=&#8221;secc-inic-a secc-eq-a&#8221; _builder_version=&#8221;4.21.0&#8243; _module_preset=&#8221;default&#8221; background_enable_image=&#8221;off&#8221; da_disable_devices=&#8221;off|off|off&#8221; collapsed=&#8221;off&#8221; global_colors_info=&#8221;{}&#8221; da_is_popup=&#8221;off&#8221; da_exit_intent=&#8221;off&#8221; da_has_close=&#8221;on&#8221; da_alt_close=&#8221;off&#8221; da_dark_close=&#8221;off&#8221; da_not_modal=&#8221;on&#8221; da_is_singular=&#8221;off&#8221; da_with_loader=&#8221;off&#8221; da_has_shadow=&#8221;on&#8221;][et_pb_row disabled_on=&#8221;off|off|off&#8221; _builder_version=&#8221;4.20.2&#8243; _module_preset=&#8221;default&#8221; global_colors_info=&#8221;{}&#8221;][et_pb_column type=&#8221;4_4&#8243; _builder_version=&#8221;4.20.2&#8243; _module_preset=&#8221;default&#8221; global_colors_info=&#8221;{}&#8221;][et_pb_image src=&#8221;https:\/\/www.shineiberia.tv\/wp-content\/uploads\/2015\/07\/Macarena-Rey-500&#215;500.jpg&#8221; title_text=&#8221;macarena-rey-500&#215;500&#8243; _builder_version=&#8221;4.21.0&#8243; _module_preset=&#8221;default&#8221; global_colors_info=&#8221;{}&#8221;][\/et_pb_image][et_pb_text admin_label=&#8221;Puesto&#8221; _builder_version=&#8221;4.21.0&#8243; _module_preset=&#8221;default&#8221; global_colors_info=&#8221;{}&#8221;]<\/p>\n<p class=\"ld-p-b\">CEO Shine Iberia<\/p>\n<p>[\/et_pb_text][\/et_pb_column][\/et_pb_row][\/et_pb_section][et_pb_section fb_built=&#8221;1&#8243; disabled_on=&#8221;off|off|off&#8221; admin_label=&#8221;Texto&#8221; module_class=&#8221;secc-inic-b secc-eq-b&#8221; _builder_version=&#8221;4.21.0&#8243; _module_preset=&#8221;default&#8221; da_disable_devices=&#8221;off|off|off&#8221; collapsed=&#8221;off&#8221; global_colors_info=&#8221;{}&#8221; da_is_popup=&#8221;off&#8221; da_exit_intent=&#8221;off&#8221; da_has_close=&#8221;on&#8221; da_alt_close=&#8221;off&#8221; da_dark_close=&#8221;off&#8221; da_not_modal=&#8221;on&#8221; da_is_singular=&#8221;off&#8221; da_with_loader=&#8221;off&#8221; da_has_shadow=&#8221;on&#8221;][et_pb_row _builder_version=&#8221;4.20.0&#8243; _module_preset=&#8221;default&#8221; global_colors_info=&#8221;{}&#8221;][et_pb_column type=&#8221;4_4&#8243; _builder_version=&#8221;4.20.0&#8243; _module_preset=&#8221;default&#8221; global_colors_info=&#8221;{}&#8221;][et_pb_text _builder_version=&#8221;4.21.0&#8243; _module_preset=&#8221;default&#8221; hover_enabled=&#8221;0&#8243; global_colors_info=&#8221;{}&#8221; sticky_enabled=&#8221;0&#8243;]<\/p>\n<p class=\"ld-p-a\">Macarena juntou-se ao Shine Group em julho de 2011 e, desde ent\u00e3o, tem liderado as opera\u00e7\u00f5es em Espanha e Portugal, como parte de uma crescente rede global de empresas de produ\u00e7\u00e3o. Durante estes anos, liderou, como produtora executiva, alguns dos formatos de maior sucesso em ambos os territ\u00f3rios: &#8216;MasterChef&#8217; em Espanha e Portugal, &#8216;La Isla&#8217;, &#8216;Me Resbala&#8217;, &#8216;Maestros de la Costura&#8217; e a sua vers\u00e3o portuguesa &#8216;Cosido a Mao&#8217;, &#8216;The Voice Portugal&#8217; e a sua vers\u00e3o infantil &#8216;The Voice Kids Portugal&#8217;, &#8216;Pesadelo na cozinha&#8217;, &#8216;D&#8217;Improviso&#8217;, &#8216;Sabe ou N\u00e3o Sabe&#8217;&#8230;.<\/p>\n<p class=\"ld-p-a\">Anteriormente, desde 2008, Macarena foi Diretora Geral da BocaBoca Producciones, uma das principais produtoras de cinema e televis\u00e3o de Espanha. Durante este per\u00edodo, a produtora desenvolveu projetos de sucesso como 21 d\u00edas, Raphael, Carrero Blanco, 2055, Conexi\u00f3n Samanta, Malas Pulgas, Rescatando a Sara e Vidas Robadas. Chegou a este cargo depois de ter desempenhado tarefas semelhantes no Grupo Drive.<\/p>\n<p class=\"ld-p-a\">Macarena \u00e9 licenciada em Administra\u00e7\u00e3o e Gest\u00e3o de Empresas e tem uma extensa carreira na televis\u00e3o, em diferentes g\u00e9neros e sectores, incluindo o seu trabalho como Diretora Geral de Produ\u00e7\u00e3o no Canal+ Espanha, onde foi respons\u00e1vel por toda a produ\u00e7\u00e3o pr\u00f3pria do canal; e Diretora de Conte\u00fados na Telef\u00f3nica Media, onde foi respons\u00e1vel por coprodu\u00e7\u00f5es internacionais de cinema e televis\u00e3o com a HBO e Fireworks, entre outros. A sua carreira em televis\u00e3o come\u00e7ou nos departamentos de compras do Grupo Telef\u00f3nica (Antena3 e V\u00eda Digital) onde, como Diretora de Compras, foi respons\u00e1vel pela sele\u00e7\u00e3o de conte\u00fados e ativos para a plataforma de televis\u00e3o paga.<\/p>\n<p>[\/et_pb_text][\/et_pb_column][\/et_pb_row][\/et_pb_section]<\/p>\n","protected":false},"excerpt":{"rendered":"<p>Macarena ReyMacarena ReyCEO Shine IberiaCEO Shine IberiaMacarena juntou-se ao Shine Group em julho de 2011 e, desde ent\u00e3o, tem liderado as opera\u00e7\u00f5es em Espanha e Portugal, como parte de uma crescente rede global de empresas de produ\u00e7\u00e3o. Durante estes anos, liderou, como produtora executiva, alguns dos formatos de maior sucesso em ambos os territ\u00f3rios: &#8216;MasterChef&#8217; [&hellip;]<\/p>\n","protected":false},"author":1,"featured_media":0,"parent":38707,"menu_order":6,"comment_status":"closed","ping_status":"closed","template":"","meta":{"_acf_changed":false,"_et_pb_use_builder":"on","_et_pb_old_content":"","_et_gb_content_width":"","footnotes":""},"class_list":["post-39176","page","type-page","status-publish","hentry"],"acf":[],"yoast_head":"<!-- This site is optimized with the Yoast SEO plugin v25.9 - https:\/\/yoast.com\/wordpress\/plugins\/seo\/ -->\n<title>Macarena Rey - Shine Iberia<\/title>\n<meta name=\"robots\" content=\"index, follow, max-snippet:-1, max-image-preview:large, max-video-preview:-1\" \/>\n<link rel=\"canonical\" href=\"https:\/\/shineiberia.tv\/pt-pt\/shine-iberia\/macarena-rey\/\" \/>\n<meta property=\"og:locale\" content=\"pt_PT\" \/>\n<meta property=\"og:type\" content=\"article\" \/>\n<meta property=\"og:title\" content=\"Macarena Rey - Shine Iberia\" \/>\n<meta property=\"og:site_name\" content=\"Shine Iberia\" \/>\n<meta property=\"article:modified_time\" content=\"2023-06-29T07:51:41+00:00\" \/>\n<meta name=\"twitter:card\" content=\"summary_large_image\" \/>\n<meta name=\"twitter:label1\" content=\"Tempo estimado de leitura\" \/>\n\t<meta name=\"twitter:data1\" content=\"2 minutos\" \/>\n<script type=\"application\/ld+json\" class=\"yoast-schema-graph\">{\"@context\":\"https:\/\/schema.org\",\"@graph\":[{\"@type\":\"WebPage\",\"@id\":\"https:\/\/shineiberia.tv\/pt-pt\/shine-iberia\/macarena-rey\/\",\"url\":\"https:\/\/shineiberia.tv\/pt-pt\/shine-iberia\/macarena-rey\/\",\"name\":\"Macarena Rey - Shine Iberia\",\"isPartOf\":{\"@id\":\"https:\/\/shineiberia.tv\/pt-pt\/#website\"},\"datePublished\":\"2023-06-23T11:07:34+00:00\",\"dateModified\":\"2023-06-29T07:51:41+00:00\",\"breadcrumb\":{\"@id\":\"https:\/\/shineiberia.tv\/pt-pt\/shine-iberia\/macarena-rey\/#breadcrumb\"},\"inLanguage\":\"pt-PT\",\"potentialAction\":[{\"@type\":\"ReadAction\",\"target\":[\"https:\/\/shineiberia.tv\/pt-pt\/shine-iberia\/macarena-rey\/\"]}]},{\"@type\":\"BreadcrumbList\",\"@id\":\"https:\/\/shineiberia.tv\/pt-pt\/shine-iberia\/macarena-rey\/#breadcrumb\",\"itemListElement\":[{\"@type\":\"ListItem\",\"position\":1,\"name\":\"Portada\",\"item\":\"https:\/\/shineiberia.tv\/pt-pt\/\"},{\"@type\":\"ListItem\",\"position\":2,\"name\":\"Shine Iberia\",\"item\":\"https:\/\/shineiberia.tv\/pt-pt\/shine-iberia\/\"},{\"@type\":\"ListItem\",\"position\":3,\"name\":\"Macarena Rey\"}]},{\"@type\":\"WebSite\",\"@id\":\"https:\/\/shineiberia.tv\/pt-pt\/#website\",\"url\":\"https:\/\/shineiberia.tv\/pt-pt\/\",\"name\":\"Shine Iberia\",\"description\":\"\",\"potentialAction\":[{\"@type\":\"SearchAction\",\"target\":{\"@type\":\"EntryPoint\",\"urlTemplate\":\"https:\/\/shineiberia.tv\/pt-pt\/?s={search_term_string}\"},\"query-input\":{\"@type\":\"PropertyValueSpecification\",\"valueRequired\":true,\"valueName\":\"search_term_string\"}}],\"inLanguage\":\"pt-PT\"}]}<\/script>\n<!-- \/ Yoast SEO plugin. -->","yoast_head_json":{"title":"Macarena Rey - Shine Iberia","robots":{"index":"index","follow":"follow","max-snippet":"max-snippet:-1","max-image-preview":"max-image-preview:large","max-video-preview":"max-video-preview:-1"},"canonical":"https:\/\/shineiberia.tv\/pt-pt\/shine-iberia\/macarena-rey\/","og_locale":"pt_PT","og_type":"article","og_title":"Macarena Rey - Shine Iberia","og_site_name":"Shine Iberia","article_modified_time":"2023-06-29T07:51:41+00:00","twitter_card":"summary_large_image","twitter_misc":{"Tempo estimado de leitura":"2 minutos"},"schema":{"@context":"https:\/\/schema.org","@graph":[{"@type":"WebPage","@id":"https:\/\/shineiberia.tv\/pt-pt\/shine-iberia\/macarena-rey\/","url":"https:\/\/shineiberia.tv\/pt-pt\/shine-iberia\/macarena-rey\/","name":"Macarena Rey - Shine Iberia","isPartOf":{"@id":"https:\/\/shineiberia.tv\/pt-pt\/#website"},"datePublished":"2023-06-23T11:07:34+00:00","dateModified":"2023-06-29T07:51:41+00:00","breadcrumb":{"@id":"https:\/\/shineiberia.tv\/pt-pt\/shine-iberia\/macarena-rey\/#breadcrumb"},"inLanguage":"pt-PT","potentialAction":[{"@type":"ReadAction","target":["https:\/\/shineiberia.tv\/pt-pt\/shine-iberia\/macarena-rey\/"]}]},{"@type":"BreadcrumbList","@id":"https:\/\/shineiberia.tv\/pt-pt\/shine-iberia\/macarena-rey\/#breadcrumb","itemListElement":[{"@type":"ListItem","position":1,"name":"Portada","item":"https:\/\/shineiberia.tv\/pt-pt\/"},{"@type":"ListItem","position":2,"name":"Shine Iberia","item":"https:\/\/shineiberia.tv\/pt-pt\/shine-iberia\/"},{"@type":"ListItem","position":3,"name":"Macarena Rey"}]},{"@type":"WebSite","@id":"https:\/\/shineiberia.tv\/pt-pt\/#website","url":"https:\/\/shineiberia.tv\/pt-pt\/","name":"Shine Iberia","description":"","potentialAction":[{"@type":"SearchAction","target":{"@type":"EntryPoint","urlTemplate":"https:\/\/shineiberia.tv\/pt-pt\/?s={search_term_string}"},"query-input":{"@type":"PropertyValueSpecification","valueRequired":true,"valueName":"search_term_string"}}],"inLanguage":"pt-PT"}]}},"_links":{"self":[{"href":"https:\/\/shineiberia.tv\/pt-pt\/wp-json\/wp\/v2\/pages\/39176","targetHints":{"allow":["GET"]}}],"collection":[{"href":"https:\/\/shineiberia.tv\/pt-pt\/wp-json\/wp\/v2\/pages"}],"about":[{"href":"https:\/\/shineiberia.tv\/pt-pt\/wp-json\/wp\/v2\/types\/page"}],"author":[{"embeddable":true,"href":"https:\/\/shineiberia.tv\/pt-pt\/wp-json\/wp\/v2\/users\/1"}],"replies":[{"embeddable":true,"href":"https:\/\/shineiberia.tv\/pt-pt\/wp-json\/wp\/v2\/comments?post=39176"}],"version-history":[{"count":2,"href":"https:\/\/shineiberia.tv\/pt-pt\/wp-json\/wp\/v2\/pages\/39176\/revisions"}],"predecessor-version":[{"id":39523,"href":"https:\/\/shineiberia.tv\/pt-pt\/wp-json\/wp\/v2\/pages\/39176\/revisions\/39523"}],"up":[{"embeddable":true,"href":"https:\/\/shineiberia.tv\/pt-pt\/wp-json\/wp\/v2\/pages\/38707"}],"wp:attachment":[{"href":"https:\/\/shineiberia.tv\/pt-pt\/wp-json\/wp\/v2\/media?parent=39176"}],"curies":[{"name":"wp","href":"https:\/\/api.w.org\/{rel}","templated":true}]}}