{"id":39289,"date":"2023-06-27T07:42:37","date_gmt":"2023-06-27T07:42:37","guid":{"rendered":"https:\/\/www.shineiberia.tv\/shine-iberia\/ana-rivas\/"},"modified":"2023-06-29T07:53:03","modified_gmt":"2023-06-29T07:53:03","slug":"ana-rivas","status":"publish","type":"page","link":"https:\/\/shineiberia.tv\/pt-pt\/shine-iberia\/ana-rivas\/","title":{"rendered":"Ana Rivas"},"content":{"rendered":"<p>[et_pb_section fb_built=&#8221;1&#8243; admin_label=&#8221;Foto Cabecera&#8221; module_class=&#8221;secc-cab-prog secc-eq-desc&#8221; _builder_version=&#8221;4.21.0&#8243; _module_preset=&#8221;default&#8221; background_enable_color=&#8221;off&#8221; background_image=&#8221;https:\/\/www.shineiberia.tv\/wp-content\/uploads\/2023\/06\/cabecera-shine-iberia.jpeg&#8221; background_blend=&#8221;multiply&#8221; da_disable_devices=&#8221;off|off|off&#8221; collapsed=&#8221;off&#8221; global_colors_info=&#8221;{}&#8221; da_is_popup=&#8221;off&#8221; da_exit_intent=&#8221;off&#8221; da_has_close=&#8221;on&#8221; da_alt_close=&#8221;off&#8221; da_dark_close=&#8221;off&#8221; da_not_modal=&#8221;on&#8221; da_is_singular=&#8221;off&#8221; da_with_loader=&#8221;off&#8221; da_has_shadow=&#8221;on&#8221;][et_pb_row _builder_version=&#8221;4.19.5&#8243; _module_preset=&#8221;default&#8221; global_colors_info=&#8221;{}&#8221;][et_pb_column type=&#8221;4_4&#8243; _builder_version=&#8221;4.19.5&#8243; _module_preset=&#8221;default&#8221; global_colors_info=&#8221;{}&#8221;][et_pb_text disabled_on=&#8221;off|off|on&#8221; admin_label=&#8221;Nombre &#8211; Mvl &#038; Tablet&#8221; _builder_version=&#8221;4.21.0&#8243; _module_preset=&#8221;default&#8221; global_colors_info=&#8221;{}&#8221;]<\/p>\n<h1 class=\"ld-h1-a\">Ana Rivas<\/h1>\n<p>[\/et_pb_text][\/et_pb_column][\/et_pb_row][\/et_pb_section][et_pb_section fb_built=&#8221;1&#8243; disabled_on=&#8221;on|on|off&#8221; admin_label=&#8221;Contenido Cabecera &#8211; PC&#8221; module_class=&#8221;secc-inic-a&#8221; _builder_version=&#8221;4.20.0&#8243; _module_preset=&#8221;default&#8221; background_enable_image=&#8221;off&#8221; da_disable_devices=&#8221;off|off|off&#8221; collapsed=&#8221;off&#8221; global_colors_info=&#8221;{}&#8221; da_is_popup=&#8221;off&#8221; da_exit_intent=&#8221;off&#8221; da_has_close=&#8221;on&#8221; da_alt_close=&#8221;off&#8221; da_dark_close=&#8221;off&#8221; da_not_modal=&#8221;on&#8221; da_is_singular=&#8221;off&#8221; da_with_loader=&#8221;off&#8221; da_has_shadow=&#8221;on&#8221;][et_pb_row column_structure=&#8221;1_3,2_3&#8243; disabled_on=&#8221;on|on|off&#8221; module_class=&#8221;fila-a&#8221; _builder_version=&#8221;4.21.0&#8243; _module_preset=&#8221;default&#8221; global_colors_info=&#8221;{}&#8221;][et_pb_column type=&#8221;1_3&#8243; module_class=&#8221;col-a&#8221; admin_label=&#8221;Foto con Logo del Programa en %22Fondo%22&#8243; _builder_version=&#8221;4.21.0&#8243; _module_preset=&#8221;default&#8221; background_image=&#8221;https:\/\/www.shineiberia.tv\/wp-content\/uploads\/2015\/07\/Ana-Rivas-500&#215;500.jpg&#8221; global_colors_info=&#8221;{}&#8221;][\/et_pb_column][et_pb_column type=&#8221;2_3&#8243; module_class=&#8221;col-b&#8221; _builder_version=&#8221;4.20.0&#8243; _module_preset=&#8221;default&#8221; global_colors_info=&#8221;{}&#8221;][et_pb_text admin_label=&#8221;Nombre &#8211; PC&#8221; _builder_version=&#8221;4.21.0&#8243; _module_preset=&#8221;default&#8221; global_colors_info=&#8221;{}&#8221;]<\/p>\n<h1 class=\"ld-h1-a\">Ana Rivas<\/h1>\n<p>[\/et_pb_text][et_pb_text admin_label=&#8221;Puesto&#8221; _builder_version=&#8221;4.21.0&#8243; _module_preset=&#8221;default&#8221; hover_enabled=&#8221;0&#8243; global_colors_info=&#8221;{}&#8221; sticky_enabled=&#8221;0&#8243;]<\/p>\n<p class=\"ld-p-b\">Diretora de Entretenimento<\/p>\n<p>[\/et_pb_text][\/et_pb_column][\/et_pb_row][\/et_pb_section][et_pb_section fb_built=&#8221;1&#8243; disabled_on=&#8221;off|off|on&#8221; admin_label=&#8221;Contenido Cabecera &#8211; Mvl &#038; Tablet&#8221; module_class=&#8221;secc-inic-a secc-eq-a&#8221; _builder_version=&#8221;4.21.0&#8243; _module_preset=&#8221;default&#8221; background_enable_image=&#8221;off&#8221; da_disable_devices=&#8221;off|off|off&#8221; collapsed=&#8221;off&#8221; global_colors_info=&#8221;{}&#8221; da_is_popup=&#8221;off&#8221; da_exit_intent=&#8221;off&#8221; da_has_close=&#8221;on&#8221; da_alt_close=&#8221;off&#8221; da_dark_close=&#8221;off&#8221; da_not_modal=&#8221;on&#8221; da_is_singular=&#8221;off&#8221; da_with_loader=&#8221;off&#8221; da_has_shadow=&#8221;on&#8221;][et_pb_row disabled_on=&#8221;off|off|off&#8221; _builder_version=&#8221;4.20.2&#8243; _module_preset=&#8221;default&#8221; global_colors_info=&#8221;{}&#8221;][et_pb_column type=&#8221;4_4&#8243; _builder_version=&#8221;4.20.2&#8243; _module_preset=&#8221;default&#8221; global_colors_info=&#8221;{}&#8221;][et_pb_image src=&#8221;https:\/\/www.shineiberia.tv\/wp-content\/uploads\/2015\/07\/Ana-Rivas-500&#215;500.jpg&#8221; title_text=&#8221;ana-rivas-500&#215;500&#8243; _builder_version=&#8221;4.21.0&#8243; _module_preset=&#8221;default&#8221; global_colors_info=&#8221;{}&#8221;][\/et_pb_image][et_pb_text admin_label=&#8221;Puesto&#8221; _builder_version=&#8221;4.21.0&#8243; _module_preset=&#8221;default&#8221; hover_enabled=&#8221;0&#8243; global_colors_info=&#8221;{}&#8221; sticky_enabled=&#8221;0&#8243;]<\/p>\n<p class=\"ld-p-b\">Diretora de Entretenimento<\/p>\n<p>[\/et_pb_text][\/et_pb_column][\/et_pb_row][\/et_pb_section][et_pb_section fb_built=&#8221;1&#8243; disabled_on=&#8221;off|off|off&#8221; admin_label=&#8221;Texto&#8221; module_class=&#8221;secc-inic-b secc-eq-b&#8221; _builder_version=&#8221;4.21.0&#8243; _module_preset=&#8221;default&#8221; da_disable_devices=&#8221;off|off|off&#8221; collapsed=&#8221;off&#8221; global_colors_info=&#8221;{}&#8221; da_is_popup=&#8221;off&#8221; da_exit_intent=&#8221;off&#8221; da_has_close=&#8221;on&#8221; da_alt_close=&#8221;off&#8221; da_dark_close=&#8221;off&#8221; da_not_modal=&#8221;on&#8221; da_is_singular=&#8221;off&#8221; da_with_loader=&#8221;off&#8221; da_has_shadow=&#8221;on&#8221;][et_pb_row _builder_version=&#8221;4.20.0&#8243; _module_preset=&#8221;default&#8221; global_colors_info=&#8221;{}&#8221;][et_pb_column type=&#8221;4_4&#8243; _builder_version=&#8221;4.20.0&#8243; _module_preset=&#8221;default&#8221; global_colors_info=&#8221;{}&#8221;][et_pb_text _builder_version=&#8221;4.21.0&#8243; _module_preset=&#8221;default&#8221; hover_enabled=&#8221;0&#8243; global_colors_info=&#8221;{}&#8221; sticky_enabled=&#8221;0&#8243;]<\/p>\n<p class=\"ld-p-a\">Entrou para a Shine Iberia em 2011 como Diretora de Entretenimento, onde produziu programas como: MasterChef, Pr\u00e9mio Ondas 2013, Me Resbala e Por Arte de Magia.<\/p>\n<p class=\"ld-p-a\">Foi Diretora de Programas na Antena 3, onde ingressou ap\u00f3s 8 anos na Globomedia como Produtora Executiva e Diretora de programas de grande sucesso na televis\u00e3o espanhola: &#8220;El Club de la Comedia&#8221;, Pr\u00e9mio Ondas em 2000 e o \u00fanico formato que foi transmitido em todos os canais de televis\u00e3o nacionais: &#8220;Noche Hache&#8221; para Cuatro ou &#8220;Planeta Finito&#8221; para La Sexta. Na mesma empresa tamb\u00e9m trabalhou como Diretora e Produtora Executiva de todas as suas pe\u00e7as de teatro e produtos derivados: &#8220;5hombres.com&#8221; e &#8220;5mujeres.com&#8221;, que det\u00eam recordes de bilheteira nacionais e foram vendidos para pa\u00edses como o M\u00e9xico, Chile, Isl\u00e2ndia ou Ucr\u00e2nia, &#8220;Francamente, la vida seg\u00fan San Francisco&#8221; ou a homenagem especial a Gila &#8220;Haz el humor y no la guerra&#8221;.<\/p>\n<p class=\"ld-p-a\">Trabalhou na Telecinco nos seus primeiros trabalhos foram como guionista e coordenadora, onde integrou &#8220;La Quinta Marcha&#8221; em 1992, depois &#8220;VIP&#8221; e outros programas emblem\u00e1ticos como &#8220;El Telecup\u00f3n&#8221;, &#8220;Karaoke&#8221;, numerosos programas infantis e galas de todo o tipo como &#8220;Querid\u00edsimos&#8221; ou &#8220;La Batalla de las Estrellas&#8221;.<\/p>\n<p class=\"ld-p-a\">Tamb\u00e9m participou em s\u00e9ries como &#8220;Querido Maestro&#8221; de Zeppelin e &#8220;Hermanas&#8221; de Videomedia. Colabora\u00e7\u00f5es como guionista em diferentes programas e s\u00e9ries s\u00e3o, tamb\u00e9m, alguns dos trabalhos que desenvolveu nos seus mais de 20 anos de experi\u00eancia em todas as \u00e1reas de realiza\u00e7\u00e3o, guionismo e produ\u00e7\u00e3o executiva de programas.<\/p>\n<p>[\/et_pb_text][\/et_pb_column][\/et_pb_row][\/et_pb_section]<\/p>\n","protected":false},"excerpt":{"rendered":"<p>Ana RivasAna RivasDiretora de EntretenimentoDiretora de EntretenimentoEntrou para a Shine Iberia em 2011 como Diretora de Entretenimento, onde produziu programas como: MasterChef, Pr\u00e9mio Ondas 2013, Me Resbala e Por Arte de Magia. Foi Diretora de Programas na Antena 3, onde ingressou ap\u00f3s 8 anos na Globomedia como Produtora Executiva e Diretora de programas de grande [&hellip;]<\/p>\n","protected":false},"author":1,"featured_media":0,"parent":38707,"menu_order":7,"comment_status":"closed","ping_status":"closed","template":"","meta":{"_acf_changed":false,"_et_pb_use_builder":"on","_et_pb_old_content":"[et_pb_section fb_built=\"1\" admin_label=\"Foto Cabecera\" module_class=\"secc-cab-prog secc-eq-desc\" _builder_version=\"4.21.0\" _module_preset=\"default\" background_enable_color=\"off\" background_image=\"https:\/\/www.shineiberia.tv\/wp-content\/uploads\/2023\/06\/cabecera-shine-iberia.jpeg\" background_blend=\"multiply\" da_disable_devices=\"off|off|off\" collapsed=\"off\" global_colors_info=\"{}\" da_is_popup=\"off\" da_exit_intent=\"off\" da_has_close=\"on\" da_alt_close=\"off\" da_dark_close=\"off\" da_not_modal=\"on\" da_is_singular=\"off\" da_with_loader=\"off\" da_has_shadow=\"on\"][et_pb_row _builder_version=\"4.19.5\" _module_preset=\"default\" global_colors_info=\"{}\"][et_pb_column type=\"4_4\" _builder_version=\"4.19.5\" _module_preset=\"default\" global_colors_info=\"{}\"][et_pb_text disabled_on=\"off|off|on\" admin_label=\"Nombre - Mvl & Tablet\" _builder_version=\"4.21.0\" _module_preset=\"default\" global_colors_info=\"{}\"]<h1 class=\"ld-h1-a\">Macarena Rey<\/h1>[\/et_pb_text][\/et_pb_column][\/et_pb_row][\/et_pb_section][et_pb_section fb_built=\"1\" disabled_on=\"on|on|off\" admin_label=\"Contenido Cabecera - PC\" module_class=\"secc-inic-a\" _builder_version=\"4.20.0\" _module_preset=\"default\" background_enable_image=\"off\" da_disable_devices=\"off|off|off\" collapsed=\"off\" global_colors_info=\"{}\" da_is_popup=\"off\" da_exit_intent=\"off\" da_has_close=\"on\" da_alt_close=\"off\" da_dark_close=\"off\" da_not_modal=\"on\" da_is_singular=\"off\" da_with_loader=\"off\" da_has_shadow=\"on\"][et_pb_row column_structure=\"1_3,2_3\" disabled_on=\"on|on|off\" module_class=\"fila-a\" _builder_version=\"4.21.0\" _module_preset=\"default\" global_colors_info=\"{}\"][et_pb_column type=\"1_3\" module_class=\"col-a\" admin_label=\"Foto con Logo del Programa en %22Fondo%22\" _builder_version=\"4.21.0\" _module_preset=\"default\" background_image=\"https:\/\/www.shineiberia.tv\/wp-content\/uploads\/2015\/07\/Macarena-Rey-500x500.jpg\" global_colors_info=\"{}\"][\/et_pb_column][et_pb_column type=\"2_3\" module_class=\"col-b\" _builder_version=\"4.20.0\" _module_preset=\"default\" global_colors_info=\"{}\"][et_pb_text admin_label=\"Nombre - PC\" _builder_version=\"4.21.0\" _module_preset=\"default\" global_colors_info=\"{}\"]<h1 class=\"ld-h1-a\">Macarena Rey<\/h1>[\/et_pb_text][et_pb_text admin_label=\"Puesto\" _builder_version=\"4.21.0\" _module_preset=\"default\" global_colors_info=\"{}\"]<p class=\"ld-p-b\">CEO Shine Iberia<\/p>[\/et_pb_text][\/et_pb_column][\/et_pb_row][\/et_pb_section][et_pb_section fb_built=\"1\" disabled_on=\"off|off|on\" admin_label=\"Contenido Cabecera - Mvl & Tablet\" module_class=\"secc-inic-a secc-eq-a\" _builder_version=\"4.21.0\" _module_preset=\"default\" background_enable_image=\"off\" da_disable_devices=\"off|off|off\" collapsed=\"off\" global_colors_info=\"{}\" da_is_popup=\"off\" da_exit_intent=\"off\" da_has_close=\"on\" da_alt_close=\"off\" da_dark_close=\"off\" da_not_modal=\"on\" da_is_singular=\"off\" da_with_loader=\"off\" da_has_shadow=\"on\"][et_pb_row disabled_on=\"off|off|off\" _builder_version=\"4.20.2\" _module_preset=\"default\" global_colors_info=\"{}\"][et_pb_column type=\"4_4\" _builder_version=\"4.20.2\" _module_preset=\"default\" global_colors_info=\"{}\"][et_pb_image src=\"https:\/\/www.shineiberia.tv\/wp-content\/uploads\/2015\/07\/Macarena-Rey-500x500.jpg\" title_text=\"macarena-rey-500x500\" _builder_version=\"4.21.0\" _module_preset=\"default\" global_colors_info=\"{}\"][\/et_pb_image][et_pb_text admin_label=\"Puesto\" _builder_version=\"4.21.0\" _module_preset=\"default\" global_colors_info=\"{}\"]<p class=\"ld-p-b\">CEO Shine Iberia<\/p>[\/et_pb_text][\/et_pb_column][\/et_pb_row][\/et_pb_section][et_pb_section fb_built=\"1\" disabled_on=\"off|off|off\" admin_label=\"Texto\" module_class=\"secc-inic-b secc-eq-b\" _builder_version=\"4.21.0\" _module_preset=\"default\" da_disable_devices=\"off|off|off\" collapsed=\"off\" global_colors_info=\"{}\" da_is_popup=\"off\" da_exit_intent=\"off\" da_has_close=\"on\" da_alt_close=\"off\" da_dark_close=\"off\" da_not_modal=\"on\" da_is_singular=\"off\" da_with_loader=\"off\" da_has_shadow=\"on\"][et_pb_row _builder_version=\"4.20.0\" _module_preset=\"default\" global_colors_info=\"{}\"][et_pb_column type=\"4_4\" _builder_version=\"4.20.0\" _module_preset=\"default\" global_colors_info=\"{}\"][et_pb_text _builder_version=\"4.21.0\" _module_preset=\"default\" global_colors_info=\"{}\"]<p class=\"ld-p-a\">Macarena se incorpor\u00f3 a Shine Group en Julio 2011 y ha estado al frente de las operaciones en Espa\u00f1a y Portugal desde entonces, como parte de una creciente red mundial de productoras. Durante estos a\u00f1os ha liderado, como productora ejecutiva, algunos de los formatos de mayor \u00e9xito en ambos territorios: \u2018MasterChef\u2019 en Espa\u00f1a y Portugal, \u2018La Isla\u2019, Me Resbala\u2018, Maestros de la Costura\u2019 y su versi\u00f3n lusa \u2018Cosido a Mao\u2019, \u2018The Voice Portugal\u2019 y su versi\u00f3n infantil \u2018The Voice Kids Portugal\u2019, \u2018Pesadelo na cozinha\u2019, \u2018D\u2019Improviso\u2019, \u2018Sabe ou N\u00e3o Sabe\u2019\u2026<\/p>\r\n\r\n<p class=\"ld-p-a\">Anteriormente, desde 2008, Macarena fue Directora General de BocaBoca Producciones, una de las principales productoras de cine y televisi\u00f3n espa\u00f1olas. Durante este tiempo, la productora desarroll\u00f3 proyectos de gran \u00e9xito como 21 d\u00edas, Raphael, Carrero Blanco, 2055, Conexi\u00f3n Samanta, Malas Pulgas, Rescatando a Sara, Vidas Robadas. A esta posici\u00f3n llego despu\u00e9s de haber desempe\u00f1ado labores similares en Drive Group.<\/p>\r\n\r\n<p class=\"ld-p-a\">Macarena es licenciada en Administraci\u00f3n y Direcci\u00f3n de Empresas y posee una extensa carrera en televisi\u00f3n, en muchos y distintos g\u00e9neros y sectores, incluyendo su labor como Directora General del \u00e1rea de Producci\u00f3n de Canal+ Espa\u00f1a, donde fue responsable de supervisar toda la producci\u00f3n propia de la cadena; y Directora de Contenidos de Telef\u00f3nica Media, donde fue responsable de coproducciones internacionales de cine y televisi\u00f3n con HBO y Fireworks, entre otras. Su carrera en la televisi\u00f3n comenz\u00f3 en los departamentos de compras del Grupo Telef\u00f3nica (Antena3 y V\u00eda Digital) donde, como Directora de Compras, fue la responsable de la selecci\u00f3n de contenidos y activos de la plataforma de TV de pago.<\/p>[\/et_pb_text][\/et_pb_column][\/et_pb_row][\/et_pb_section]","_et_gb_content_width":"","footnotes":""},"class_list":["post-39289","page","type-page","status-publish","hentry"],"acf":[],"yoast_head":"<!-- This site is optimized with the Yoast SEO plugin v25.9 - https:\/\/yoast.com\/wordpress\/plugins\/seo\/ -->\n<title>Ana Rivas - Shine Iberia<\/title>\n<meta name=\"robots\" content=\"index, follow, max-snippet:-1, max-image-preview:large, max-video-preview:-1\" \/>\n<link rel=\"canonical\" href=\"https:\/\/www.shineiberia.tv\/pt-pt\/shine-iberia\/ana-rivas\/\" \/>\n<meta property=\"og:locale\" content=\"pt_PT\" \/>\n<meta property=\"og:type\" content=\"article\" \/>\n<meta property=\"og:title\" content=\"Ana Rivas - Shine Iberia\" \/>\n<meta property=\"og:site_name\" content=\"Shine Iberia\" \/>\n<meta property=\"article:modified_time\" content=\"2023-06-29T07:53:03+00:00\" \/>\n<meta name=\"twitter:card\" content=\"summary_large_image\" \/>\n<meta name=\"twitter:label1\" content=\"Tempo estimado de leitura\" \/>\n\t<meta name=\"twitter:data1\" content=\"2 minutos\" \/>\n<script type=\"application\/ld+json\" class=\"yoast-schema-graph\">{\"@context\":\"https:\/\/schema.org\",\"@graph\":[{\"@type\":\"WebPage\",\"@id\":\"https:\/\/www.shineiberia.tv\/pt-pt\/shine-iberia\/ana-rivas\/\",\"url\":\"https:\/\/www.shineiberia.tv\/pt-pt\/shine-iberia\/ana-rivas\/\",\"name\":\"Ana Rivas - Shine Iberia\",\"isPartOf\":{\"@id\":\"https:\/\/shineiberia.tv\/pt-pt\/#website\"},\"datePublished\":\"2023-06-27T07:42:37+00:00\",\"dateModified\":\"2023-06-29T07:53:03+00:00\",\"breadcrumb\":{\"@id\":\"https:\/\/www.shineiberia.tv\/pt-pt\/shine-iberia\/ana-rivas\/#breadcrumb\"},\"inLanguage\":\"pt-PT\",\"potentialAction\":[{\"@type\":\"ReadAction\",\"target\":[\"https:\/\/www.shineiberia.tv\/pt-pt\/shine-iberia\/ana-rivas\/\"]}]},{\"@type\":\"BreadcrumbList\",\"@id\":\"https:\/\/www.shineiberia.tv\/pt-pt\/shine-iberia\/ana-rivas\/#breadcrumb\",\"itemListElement\":[{\"@type\":\"ListItem\",\"position\":1,\"name\":\"Portada\",\"item\":\"https:\/\/shineiberia.tv\/pt-pt\/\"},{\"@type\":\"ListItem\",\"position\":2,\"name\":\"Shine Iberia\",\"item\":\"https:\/\/shineiberia.tv\/pt-pt\/shine-iberia\/\"},{\"@type\":\"ListItem\",\"position\":3,\"name\":\"Ana Rivas\"}]},{\"@type\":\"WebSite\",\"@id\":\"https:\/\/shineiberia.tv\/pt-pt\/#website\",\"url\":\"https:\/\/shineiberia.tv\/pt-pt\/\",\"name\":\"Shine Iberia\",\"description\":\"\",\"potentialAction\":[{\"@type\":\"SearchAction\",\"target\":{\"@type\":\"EntryPoint\",\"urlTemplate\":\"https:\/\/shineiberia.tv\/pt-pt\/?s={search_term_string}\"},\"query-input\":{\"@type\":\"PropertyValueSpecification\",\"valueRequired\":true,\"valueName\":\"search_term_string\"}}],\"inLanguage\":\"pt-PT\"}]}<\/script>\n<!-- \/ Yoast SEO plugin. -->","yoast_head_json":{"title":"Ana Rivas - Shine Iberia","robots":{"index":"index","follow":"follow","max-snippet":"max-snippet:-1","max-image-preview":"max-image-preview:large","max-video-preview":"max-video-preview:-1"},"canonical":"https:\/\/www.shineiberia.tv\/pt-pt\/shine-iberia\/ana-rivas\/","og_locale":"pt_PT","og_type":"article","og_title":"Ana Rivas - Shine Iberia","og_site_name":"Shine Iberia","article_modified_time":"2023-06-29T07:53:03+00:00","twitter_card":"summary_large_image","twitter_misc":{"Tempo estimado de leitura":"2 minutos"},"schema":{"@context":"https:\/\/schema.org","@graph":[{"@type":"WebPage","@id":"https:\/\/www.shineiberia.tv\/pt-pt\/shine-iberia\/ana-rivas\/","url":"https:\/\/www.shineiberia.tv\/pt-pt\/shine-iberia\/ana-rivas\/","name":"Ana Rivas - Shine Iberia","isPartOf":{"@id":"https:\/\/shineiberia.tv\/pt-pt\/#website"},"datePublished":"2023-06-27T07:42:37+00:00","dateModified":"2023-06-29T07:53:03+00:00","breadcrumb":{"@id":"https:\/\/www.shineiberia.tv\/pt-pt\/shine-iberia\/ana-rivas\/#breadcrumb"},"inLanguage":"pt-PT","potentialAction":[{"@type":"ReadAction","target":["https:\/\/www.shineiberia.tv\/pt-pt\/shine-iberia\/ana-rivas\/"]}]},{"@type":"BreadcrumbList","@id":"https:\/\/www.shineiberia.tv\/pt-pt\/shine-iberia\/ana-rivas\/#breadcrumb","itemListElement":[{"@type":"ListItem","position":1,"name":"Portada","item":"https:\/\/shineiberia.tv\/pt-pt\/"},{"@type":"ListItem","position":2,"name":"Shine Iberia","item":"https:\/\/shineiberia.tv\/pt-pt\/shine-iberia\/"},{"@type":"ListItem","position":3,"name":"Ana Rivas"}]},{"@type":"WebSite","@id":"https:\/\/shineiberia.tv\/pt-pt\/#website","url":"https:\/\/shineiberia.tv\/pt-pt\/","name":"Shine Iberia","description":"","potentialAction":[{"@type":"SearchAction","target":{"@type":"EntryPoint","urlTemplate":"https:\/\/shineiberia.tv\/pt-pt\/?s={search_term_string}"},"query-input":{"@type":"PropertyValueSpecification","valueRequired":true,"valueName":"search_term_string"}}],"inLanguage":"pt-PT"}]}},"_links":{"self":[{"href":"https:\/\/shineiberia.tv\/pt-pt\/wp-json\/wp\/v2\/pages\/39289","targetHints":{"allow":["GET"]}}],"collection":[{"href":"https:\/\/shineiberia.tv\/pt-pt\/wp-json\/wp\/v2\/pages"}],"about":[{"href":"https:\/\/shineiberia.tv\/pt-pt\/wp-json\/wp\/v2\/types\/page"}],"author":[{"embeddable":true,"href":"https:\/\/shineiberia.tv\/pt-pt\/wp-json\/wp\/v2\/users\/1"}],"replies":[{"embeddable":true,"href":"https:\/\/shineiberia.tv\/pt-pt\/wp-json\/wp\/v2\/comments?post=39289"}],"version-history":[{"count":1,"href":"https:\/\/shineiberia.tv\/pt-pt\/wp-json\/wp\/v2\/pages\/39289\/revisions"}],"predecessor-version":[{"id":39527,"href":"https:\/\/shineiberia.tv\/pt-pt\/wp-json\/wp\/v2\/pages\/39289\/revisions\/39527"}],"up":[{"embeddable":true,"href":"https:\/\/shineiberia.tv\/pt-pt\/wp-json\/wp\/v2\/pages\/38707"}],"wp:attachment":[{"href":"https:\/\/shineiberia.tv\/pt-pt\/wp-json\/wp\/v2\/media?parent=39289"}],"curies":[{"name":"wp","href":"https:\/\/api.w.org\/{rel}","templated":true}]}}