{"id":39373,"date":"2023-06-27T10:28:43","date_gmt":"2023-06-27T10:28:43","guid":{"rendered":"https:\/\/www.shineiberia.tv\/?page_id=39373"},"modified":"2025-09-10T14:19:01","modified_gmt":"2025-09-10T14:19:01","slug":"alberto-agudo","status":"publish","type":"page","link":"https:\/\/shineiberia.tv\/pt-pt\/shine-iberia\/alberto-agudo\/","title":{"rendered":"Alberto Agudo"},"content":{"rendered":"<p>[et_pb_section fb_built=&#8221;1&#8243; admin_label=&#8221;Foto Cabecera&#8221; module_class=&#8221;secc-cab-prog secc-eq-desc&#8221; _builder_version=&#8221;4.21.0&#8243; _module_preset=&#8221;default&#8221; background_enable_color=&#8221;off&#8221; background_image=&#8221;https:\/\/www.shineiberia.tv\/wp-content\/uploads\/2023\/06\/cabecera-shine-iberia.jpeg&#8221; background_blend=&#8221;multiply&#8221; da_disable_devices=&#8221;off|off|off&#8221; collapsed=&#8221;off&#8221; global_colors_info=&#8221;{}&#8221; da_is_popup=&#8221;off&#8221; da_exit_intent=&#8221;off&#8221; da_has_close=&#8221;on&#8221; da_alt_close=&#8221;off&#8221; da_dark_close=&#8221;off&#8221; da_not_modal=&#8221;on&#8221; da_is_singular=&#8221;off&#8221; da_with_loader=&#8221;off&#8221; da_has_shadow=&#8221;on&#8221;][et_pb_row _builder_version=&#8221;4.19.5&#8243; _module_preset=&#8221;default&#8221; global_colors_info=&#8221;{}&#8221;][et_pb_column type=&#8221;4_4&#8243; _builder_version=&#8221;4.19.5&#8243; _module_preset=&#8221;default&#8221; global_colors_info=&#8221;{}&#8221;][et_pb_text disabled_on=&#8221;off|off|on&#8221; admin_label=&#8221;Nombre &#8211; Mvl &#038; Tablet&#8221; _builder_version=&#8221;4.27.4&#8243; _module_preset=&#8221;default&#8221; hover_enabled=&#8221;0&#8243; global_colors_info=&#8221;{}&#8221; sticky_enabled=&#8221;0&#8243;]<\/p>\n<h1 class=\"ld-h1-a\">Alberto Agudo<\/h1>\n<p>[\/et_pb_text][\/et_pb_column][\/et_pb_row][\/et_pb_section][et_pb_section fb_built=&#8221;1&#8243; disabled_on=&#8221;on|on|off&#8221; admin_label=&#8221;Contenido Cabecera &#8211; PC&#8221; module_class=&#8221;secc-inic-a&#8221; _builder_version=&#8221;4.20.0&#8243; _module_preset=&#8221;default&#8221; background_enable_image=&#8221;off&#8221; da_disable_devices=&#8221;off|off|off&#8221; collapsed=&#8221;off&#8221; global_colors_info=&#8221;{}&#8221; da_is_popup=&#8221;off&#8221; da_exit_intent=&#8221;off&#8221; da_has_close=&#8221;on&#8221; da_alt_close=&#8221;off&#8221; da_dark_close=&#8221;off&#8221; da_not_modal=&#8221;on&#8221; da_is_singular=&#8221;off&#8221; da_with_loader=&#8221;off&#8221; da_has_shadow=&#8221;on&#8221;][et_pb_row column_structure=&#8221;1_3,2_3&#8243; disabled_on=&#8221;on|on|off&#8221; module_class=&#8221;fila-a&#8221; _builder_version=&#8221;4.21.0&#8243; _module_preset=&#8221;default&#8221; global_colors_info=&#8221;{}&#8221;][et_pb_column type=&#8221;1_3&#8243; module_class=&#8221;col-a&#8221; admin_label=&#8221;Foto con Logo del Programa en %22Fondo%22&#8243; _builder_version=&#8221;4.21.0&#8243; _module_preset=&#8221;default&#8221; background_image=&#8221;http:\/\/www.shineiberia.tv\/\/wp-content\/uploads\/2025\/05\/Alberto500x500.2@ceciliabayonasfoto.L1060160.jpg&#8221; global_colors_info=&#8221;{}&#8221;][\/et_pb_column][et_pb_column type=&#8221;2_3&#8243; module_class=&#8221;col-b&#8221; _builder_version=&#8221;4.20.0&#8243; _module_preset=&#8221;default&#8221; global_colors_info=&#8221;{}&#8221;][et_pb_text admin_label=&#8221;Nombre &#8211; PC&#8221; _builder_version=&#8221;4.27.4&#8243; _module_preset=&#8221;default&#8221; hover_enabled=&#8221;0&#8243; global_colors_info=&#8221;{}&#8221; sticky_enabled=&#8221;0&#8243;]<\/p>\n<h1 class=\"ld-h1-a\">Alberto Agudo<\/h1>\n<p>[\/et_pb_text][et_pb_text admin_label=&#8221;Puesto&#8221; _builder_version=&#8221;4.27.4&#8243; _module_preset=&#8221;default&#8221; hover_enabled=&#8221;0&#8243; global_colors_info=&#8221;{}&#8221; sticky_enabled=&#8221;0&#8243;]<\/p>\n<p class=\"ld-p-b\">Diretor comercial <\/p>\n<p>[\/et_pb_text][\/et_pb_column][\/et_pb_row][\/et_pb_section][et_pb_section fb_built=&#8221;1&#8243; disabled_on=&#8221;off|off|on&#8221; admin_label=&#8221;Contenido Cabecera &#8211; Mvl &#038; Tablet&#8221; module_class=&#8221;secc-inic-a secc-eq-a&#8221; _builder_version=&#8221;4.21.0&#8243; _module_preset=&#8221;default&#8221; background_enable_image=&#8221;off&#8221; da_disable_devices=&#8221;off|off|off&#8221; collapsed=&#8221;off&#8221; global_colors_info=&#8221;{}&#8221; da_is_popup=&#8221;off&#8221; da_exit_intent=&#8221;off&#8221; da_has_close=&#8221;on&#8221; da_alt_close=&#8221;off&#8221; da_dark_close=&#8221;off&#8221; da_not_modal=&#8221;on&#8221; da_is_singular=&#8221;off&#8221; da_with_loader=&#8221;off&#8221; da_has_shadow=&#8221;on&#8221;][et_pb_row disabled_on=&#8221;off|off|off&#8221; _builder_version=&#8221;4.20.2&#8243; _module_preset=&#8221;default&#8221; global_colors_info=&#8221;{}&#8221;][et_pb_column type=&#8221;4_4&#8243; _builder_version=&#8221;4.20.2&#8243; _module_preset=&#8221;default&#8221; global_colors_info=&#8221;{}&#8221;][et_pb_image src=&#8221;http:\/\/www.shineiberia.tv\/\/wp-content\/uploads\/2025\/05\/Alberto500x500.2@ceciliabayonasfoto.L1060160.jpg&#8221; _builder_version=&#8221;4.21.0&#8243; _module_preset=&#8221;default&#8221; global_colors_info=&#8221;{}&#8221;][\/et_pb_image][et_pb_text admin_label=&#8221;Puesto&#8221; _builder_version=&#8221;4.27.4&#8243; _module_preset=&#8221;default&#8221; hover_enabled=&#8221;0&#8243; global_colors_info=&#8221;{}&#8221; sticky_enabled=&#8221;0&#8243;]<\/p>\n<p class=\"ld-p-b\">Diretor comercial <\/p>\n<p>[\/et_pb_text][\/et_pb_column][\/et_pb_row][\/et_pb_section][et_pb_section fb_built=&#8221;1&#8243; disabled_on=&#8221;off|off|off&#8221; admin_label=&#8221;Texto&#8221; module_class=&#8221;secc-inic-b secc-eq-b&#8221; _builder_version=&#8221;4.21.0&#8243; _module_preset=&#8221;default&#8221; da_disable_devices=&#8221;off|off|off&#8221; collapsed=&#8221;off&#8221; global_colors_info=&#8221;{}&#8221; da_is_popup=&#8221;off&#8221; da_exit_intent=&#8221;off&#8221; da_has_close=&#8221;on&#8221; da_alt_close=&#8221;off&#8221; da_dark_close=&#8221;off&#8221; da_not_modal=&#8221;on&#8221; da_is_singular=&#8221;off&#8221; da_with_loader=&#8221;off&#8221; da_has_shadow=&#8221;on&#8221;][et_pb_row _builder_version=&#8221;4.20.0&#8243; _module_preset=&#8221;default&#8221; global_colors_info=&#8221;{}&#8221;][et_pb_column type=&#8221;4_4&#8243; _builder_version=&#8221;4.20.0&#8243; _module_preset=&#8221;default&#8221; global_colors_info=&#8221;{}&#8221;][et_pb_text _builder_version=&#8221;4.27.4&#8243; _module_preset=&#8221;default&#8221; hover_enabled=&#8221;0&#8243; global_colors_info=&#8221;{}&#8221; sticky_enabled=&#8221;0&#8243;]<\/p>\n<p class=\"ld-p-a\">Alberto Agudo juntou-se \u00e0 equipa da Shine Iberia em janeiro de 2013 e \u00e9 respons\u00e1vel por patroc\u00ednios e produtos derivados. Fil\u00f3logo de forma\u00e7\u00e3o, esteve ligado ao ensino, ao setor editorial e, mais recentemente, \u00e0 publicidade e ao marketing. Foi chefe de Publicidade na Secretaria de Cultura da Comunidade de Madrid (Festival de Outono, Madrid en Danza, Teatralia, Festas de 2 de Maio, Rede de Teatros da Comunidade de Madrid, etc.); tamb\u00e9m foi chefe de Publicidade da MACSA, organismo dependente da \u00c1rea das Artes da C\u00e2mara Municipal de Madrid (Veranos de la Villa, Festival de Jazz, Fiestas de San Isidro, campanha de Natal, etc.).<\/p>\n<p class=\"ld-p-a\">Na Shine Iberia, gere os patroc\u00ednios e colabora\u00e7\u00f5es comerciais com os programas da produtora, desde patroc\u00ednios culturais a a\u00e7\u00f5es de branded content, integra\u00e7\u00f5es ou interc\u00e2mbios. Al\u00e9m disso, desenvolve, em conjunto com empresas especializadas, produtos licenciados dos programas, que s\u00e3o comercializados em pontos de venda f\u00edsicos ou por com\u00e9rcio eletr\u00f3nico.<\/p>\n<p>[\/et_pb_text][\/et_pb_column][\/et_pb_row][\/et_pb_section]<\/p>\n","protected":false},"excerpt":{"rendered":"<p>Alberto AgudoAlberto AgudoDiretor comercial Diretor comercial Alberto Agudo juntou-se \u00e0 equipa da Shine Iberia em janeiro de 2013 e \u00e9 respons\u00e1vel por patroc\u00ednios e produtos derivados. Fil\u00f3logo de forma\u00e7\u00e3o, esteve ligado ao ensino, ao setor editorial e, mais recentemente, \u00e0 publicidade e ao marketing. Foi chefe de Publicidade na Secretaria de Cultura da Comunidade de [&hellip;]<\/p>\n","protected":false},"author":1,"featured_media":0,"parent":38707,"menu_order":17,"comment_status":"closed","ping_status":"closed","template":"","meta":{"_acf_changed":false,"_et_pb_use_builder":"on","_et_pb_old_content":"[et_pb_section fb_built=\"1\" admin_label=\"Foto Cabecera\" module_class=\"secc-cab-prog secc-eq-desc\" _builder_version=\"4.21.0\" _module_preset=\"default\" background_enable_color=\"off\" background_image=\"https:\/\/www.shineiberia.tv\/wp-content\/uploads\/2023\/06\/cabecera-shine-iberia.jpeg\" background_blend=\"multiply\" da_disable_devices=\"off|off|off\" collapsed=\"off\" global_colors_info=\"{}\" da_is_popup=\"off\" da_exit_intent=\"off\" da_has_close=\"on\" da_alt_close=\"off\" da_dark_close=\"off\" da_not_modal=\"on\" da_is_singular=\"off\" da_with_loader=\"off\" da_has_shadow=\"on\"][et_pb_row _builder_version=\"4.19.5\" _module_preset=\"default\" global_colors_info=\"{}\"][et_pb_column type=\"4_4\" _builder_version=\"4.19.5\" _module_preset=\"default\" global_colors_info=\"{}\"][et_pb_text disabled_on=\"off|off|on\" admin_label=\"Nombre - Mvl & Tablet\" _builder_version=\"4.21.0\" _module_preset=\"default\" hover_enabled=\"0\" global_colors_info=\"{}\" sticky_enabled=\"0\"]<h1 class=\"ld-h1-a\">Raquel Nunes<\/h1>[\/et_pb_text][\/et_pb_column][\/et_pb_row][\/et_pb_section][et_pb_section fb_built=\"1\" disabled_on=\"on|on|off\" admin_label=\"Contenido Cabecera - PC\" module_class=\"secc-inic-a\" _builder_version=\"4.20.0\" _module_preset=\"default\" background_enable_image=\"off\" da_disable_devices=\"off|off|off\" collapsed=\"off\" global_colors_info=\"{}\" da_is_popup=\"off\" da_exit_intent=\"off\" da_has_close=\"on\" da_alt_close=\"off\" da_dark_close=\"off\" da_not_modal=\"on\" da_is_singular=\"off\" da_with_loader=\"off\" da_has_shadow=\"on\"][et_pb_row column_structure=\"1_3,2_3\" disabled_on=\"on|on|off\" module_class=\"fila-a\" _builder_version=\"4.21.0\" _module_preset=\"default\" hover_enabled=\"0\" global_colors_info=\"{}\" sticky_enabled=\"0\"][et_pb_column type=\"1_3\" module_class=\"col-a\" admin_label=\"Foto con Logo del Programa en %22Fondo%22\" _builder_version=\"4.21.0\" _module_preset=\"default\" background_image=\"http:\/\/www.shineiberia.tv\/\/wp-content\/uploads\/2025\/05\/Alberto500x500.2@ceciliabayonasfoto.L1060160.jpg\" hover_enabled=\"0\" global_colors_info=\"{}\" title_text=\"raquel-nunes-500x500\" sticky_enabled=\"0\"][\/et_pb_column][et_pb_column type=\"2_3\" module_class=\"col-b\" _builder_version=\"4.20.0\" _module_preset=\"default\" global_colors_info=\"{}\"][et_pb_text admin_label=\"Nombre - PC\" _builder_version=\"4.21.0\" _module_preset=\"default\" hover_enabled=\"0\" global_colors_info=\"{}\" sticky_enabled=\"0\"]<h1 class=\"ld-h1-a\">Raquel Nunes<\/h1>[\/et_pb_text][et_pb_text admin_label=\"Puesto\" _builder_version=\"4.21.0\" _module_preset=\"default\" hover_enabled=\"0\" global_colors_info=\"{}\" sticky_enabled=\"0\"]<p class=\"ld-p-b\">Directora de Contenidos<\/p>[\/et_pb_text][\/et_pb_column][\/et_pb_row][\/et_pb_section][et_pb_section fb_built=\"1\" disabled_on=\"off|off|on\" admin_label=\"Contenido Cabecera - Mvl & Tablet\" module_class=\"secc-inic-a secc-eq-a\" _builder_version=\"4.21.0\" _module_preset=\"default\" background_enable_image=\"off\" da_disable_devices=\"off|off|off\" collapsed=\"off\" global_colors_info=\"{}\" da_is_popup=\"off\" da_exit_intent=\"off\" da_has_close=\"on\" da_alt_close=\"off\" da_dark_close=\"off\" da_not_modal=\"on\" da_is_singular=\"off\" da_with_loader=\"off\" da_has_shadow=\"on\"][et_pb_row disabled_on=\"off|off|off\" _builder_version=\"4.20.2\" _module_preset=\"default\" global_colors_info=\"{}\"][et_pb_column type=\"4_4\" _builder_version=\"4.20.2\" _module_preset=\"default\" global_colors_info=\"{}\"][et_pb_image src=\"http:\/\/www.shineiberia.tv\/\/wp-content\/uploads\/2025\/05\/Alberto500x500.2@ceciliabayonasfoto.L1060160.jpg\" _builder_version=\"4.21.0\" _module_preset=\"default\" hover_enabled=\"0\" global_colors_info=\"{}\" sticky_enabled=\"0\"][\/et_pb_image][et_pb_text admin_label=\"Puesto\" _builder_version=\"4.21.0\" _module_preset=\"default\" hover_enabled=\"0\" global_colors_info=\"{}\" sticky_enabled=\"0\"]<p class=\"ld-p-b\">Directora de Contenidos<\/p>[\/et_pb_text][\/et_pb_column][\/et_pb_row][\/et_pb_section][et_pb_section fb_built=\"1\" disabled_on=\"off|off|off\" admin_label=\"Texto\" module_class=\"secc-inic-b secc-eq-b\" _builder_version=\"4.21.0\" _module_preset=\"default\" da_disable_devices=\"off|off|off\" collapsed=\"off\" global_colors_info=\"{}\" da_is_popup=\"off\" da_exit_intent=\"off\" da_has_close=\"on\" da_alt_close=\"off\" da_dark_close=\"off\" da_not_modal=\"on\" da_is_singular=\"off\" da_with_loader=\"off\" da_has_shadow=\"on\"][et_pb_row _builder_version=\"4.20.0\" _module_preset=\"default\" global_colors_info=\"{}\"][et_pb_column type=\"4_4\" _builder_version=\"4.20.0\" _module_preset=\"default\" global_colors_info=\"{}\"][et_pb_text _builder_version=\"4.21.0\" _module_preset=\"default\" hover_enabled=\"0\" global_colors_info=\"{}\" sticky_enabled=\"0\"]<p class=\"ld-p-a\">Se une a Shine Iberia en enero de 2012 como Coordinadora de Contenidos. Se grad\u00faa en Ciencias de la Comunicaci\u00f3n en la Universidad de Lisboa y, desde entonces, trabaja en entretenimiento.<\/p>\r\n\r\n<p class=\"ld-p-a\">En Endemol se integra en el equipo de contenido y gui\u00f3n  de formatos como \u201cMasterChef\u201d para RTP, \u201cSecret Story \u2013 Casa dos Segredos\u201d para TVI, \u201cBeauty and the Geek \u2013 A Bela e o Mestre\u201d para TVI, \u201cOpera\u00e7\u00e3o Triunfo\u201d para RTP. Trabaja en esta misma \u00e1rea  en CBV Produ\u00e7\u00f5es Televisivas, en el equipo de b\u00fasqueda de \u201cQuem Quer Ser Milion\u00e1rio \u2013 Who Wants to Be a Millionaire\u201d para RTP, \u201cAtreve-te a Cantar\u201d para SIC, y en el \u00e1rea de gui\u00f3n y contenido de varios formatos originales para canales de cable.<\/p>\r\n\r\n<p class=\"ld-p-a\">Actualmente, es Directora de Contenidos y forma parte de diferentes proyectos de Shine Iberia en Portugal y trabaja en el desarrollo de  nuevos formatos y adaptaciones. Raquel tiene 28 a\u00f1os y es natural de Goleg\u00e3.<\/p>[\/et_pb_text][\/et_pb_column][\/et_pb_row][\/et_pb_section]","_et_gb_content_width":"","footnotes":""},"class_list":["post-39373","page","type-page","status-publish","hentry"],"acf":[],"yoast_head":"<!-- This site is optimized with the Yoast SEO plugin v25.9 - https:\/\/yoast.com\/wordpress\/plugins\/seo\/ -->\n<title>Alberto Agudo - Shine Iberia<\/title>\n<meta name=\"robots\" content=\"index, follow, max-snippet:-1, max-image-preview:large, max-video-preview:-1\" \/>\n<link rel=\"canonical\" href=\"https:\/\/shineiberia.azurewebsites.net\/pt-pt\/shine-iberia\/alberto-agudo\/\" \/>\n<meta property=\"og:locale\" content=\"pt_PT\" \/>\n<meta property=\"og:type\" content=\"article\" \/>\n<meta property=\"og:title\" content=\"Alberto Agudo - Shine Iberia\" \/>\n<meta property=\"og:site_name\" content=\"Shine Iberia\" \/>\n<meta property=\"article:modified_time\" content=\"2025-09-10T14:19:01+00:00\" \/>\n<meta name=\"twitter:card\" content=\"summary_large_image\" \/>\n<meta name=\"twitter:label1\" content=\"Tempo estimado de leitura\" \/>\n\t<meta name=\"twitter:data1\" content=\"1 minuto\" \/>\n<script type=\"application\/ld+json\" class=\"yoast-schema-graph\">{\"@context\":\"https:\/\/schema.org\",\"@graph\":[{\"@type\":\"WebPage\",\"@id\":\"https:\/\/shineiberia.azurewebsites.net\/pt-pt\/shine-iberia\/alberto-agudo\/\",\"url\":\"https:\/\/shineiberia.azurewebsites.net\/pt-pt\/shine-iberia\/alberto-agudo\/\",\"name\":\"Alberto Agudo - Shine Iberia\",\"isPartOf\":{\"@id\":\"https:\/\/shineiberia.tv\/pt-pt\/#website\"},\"datePublished\":\"2023-06-27T10:28:43+00:00\",\"dateModified\":\"2025-09-10T14:19:01+00:00\",\"breadcrumb\":{\"@id\":\"https:\/\/shineiberia.azurewebsites.net\/pt-pt\/shine-iberia\/alberto-agudo\/#breadcrumb\"},\"inLanguage\":\"pt-PT\",\"potentialAction\":[{\"@type\":\"ReadAction\",\"target\":[\"https:\/\/shineiberia.azurewebsites.net\/pt-pt\/shine-iberia\/alberto-agudo\/\"]}]},{\"@type\":\"BreadcrumbList\",\"@id\":\"https:\/\/shineiberia.azurewebsites.net\/pt-pt\/shine-iberia\/alberto-agudo\/#breadcrumb\",\"itemListElement\":[{\"@type\":\"ListItem\",\"position\":1,\"name\":\"Portada\",\"item\":\"https:\/\/shineiberia.tv\/pt-pt\/\"},{\"@type\":\"ListItem\",\"position\":2,\"name\":\"Shine Iberia\",\"item\":\"https:\/\/shineiberia.tv\/pt-pt\/shine-iberia\/\"},{\"@type\":\"ListItem\",\"position\":3,\"name\":\"Alberto Agudo\"}]},{\"@type\":\"WebSite\",\"@id\":\"https:\/\/shineiberia.tv\/pt-pt\/#website\",\"url\":\"https:\/\/shineiberia.tv\/pt-pt\/\",\"name\":\"Shine Iberia\",\"description\":\"\",\"potentialAction\":[{\"@type\":\"SearchAction\",\"target\":{\"@type\":\"EntryPoint\",\"urlTemplate\":\"https:\/\/shineiberia.tv\/pt-pt\/?s={search_term_string}\"},\"query-input\":{\"@type\":\"PropertyValueSpecification\",\"valueRequired\":true,\"valueName\":\"search_term_string\"}}],\"inLanguage\":\"pt-PT\"}]}<\/script>\n<!-- \/ Yoast SEO plugin. -->","yoast_head_json":{"title":"Alberto Agudo - Shine Iberia","robots":{"index":"index","follow":"follow","max-snippet":"max-snippet:-1","max-image-preview":"max-image-preview:large","max-video-preview":"max-video-preview:-1"},"canonical":"https:\/\/shineiberia.azurewebsites.net\/pt-pt\/shine-iberia\/alberto-agudo\/","og_locale":"pt_PT","og_type":"article","og_title":"Alberto Agudo - Shine Iberia","og_site_name":"Shine Iberia","article_modified_time":"2025-09-10T14:19:01+00:00","twitter_card":"summary_large_image","twitter_misc":{"Tempo estimado de leitura":"1 minuto"},"schema":{"@context":"https:\/\/schema.org","@graph":[{"@type":"WebPage","@id":"https:\/\/shineiberia.azurewebsites.net\/pt-pt\/shine-iberia\/alberto-agudo\/","url":"https:\/\/shineiberia.azurewebsites.net\/pt-pt\/shine-iberia\/alberto-agudo\/","name":"Alberto Agudo - Shine Iberia","isPartOf":{"@id":"https:\/\/shineiberia.tv\/pt-pt\/#website"},"datePublished":"2023-06-27T10:28:43+00:00","dateModified":"2025-09-10T14:19:01+00:00","breadcrumb":{"@id":"https:\/\/shineiberia.azurewebsites.net\/pt-pt\/shine-iberia\/alberto-agudo\/#breadcrumb"},"inLanguage":"pt-PT","potentialAction":[{"@type":"ReadAction","target":["https:\/\/shineiberia.azurewebsites.net\/pt-pt\/shine-iberia\/alberto-agudo\/"]}]},{"@type":"BreadcrumbList","@id":"https:\/\/shineiberia.azurewebsites.net\/pt-pt\/shine-iberia\/alberto-agudo\/#breadcrumb","itemListElement":[{"@type":"ListItem","position":1,"name":"Portada","item":"https:\/\/shineiberia.tv\/pt-pt\/"},{"@type":"ListItem","position":2,"name":"Shine Iberia","item":"https:\/\/shineiberia.tv\/pt-pt\/shine-iberia\/"},{"@type":"ListItem","position":3,"name":"Alberto Agudo"}]},{"@type":"WebSite","@id":"https:\/\/shineiberia.tv\/pt-pt\/#website","url":"https:\/\/shineiberia.tv\/pt-pt\/","name":"Shine Iberia","description":"","potentialAction":[{"@type":"SearchAction","target":{"@type":"EntryPoint","urlTemplate":"https:\/\/shineiberia.tv\/pt-pt\/?s={search_term_string}"},"query-input":{"@type":"PropertyValueSpecification","valueRequired":true,"valueName":"search_term_string"}}],"inLanguage":"pt-PT"}]}},"_links":{"self":[{"href":"https:\/\/shineiberia.tv\/pt-pt\/wp-json\/wp\/v2\/pages\/39373","targetHints":{"allow":["GET"]}}],"collection":[{"href":"https:\/\/shineiberia.tv\/pt-pt\/wp-json\/wp\/v2\/pages"}],"about":[{"href":"https:\/\/shineiberia.tv\/pt-pt\/wp-json\/wp\/v2\/types\/page"}],"author":[{"embeddable":true,"href":"https:\/\/shineiberia.tv\/pt-pt\/wp-json\/wp\/v2\/users\/1"}],"replies":[{"embeddable":true,"href":"https:\/\/shineiberia.tv\/pt-pt\/wp-json\/wp\/v2\/comments?post=39373"}],"version-history":[{"count":8,"href":"https:\/\/shineiberia.tv\/pt-pt\/wp-json\/wp\/v2\/pages\/39373\/revisions"}],"predecessor-version":[{"id":49222,"href":"https:\/\/shineiberia.tv\/pt-pt\/wp-json\/wp\/v2\/pages\/39373\/revisions\/49222"}],"up":[{"embeddable":true,"href":"https:\/\/shineiberia.tv\/pt-pt\/wp-json\/wp\/v2\/pages\/38707"}],"wp:attachment":[{"href":"https:\/\/shineiberia.tv\/pt-pt\/wp-json\/wp\/v2\/media?parent=39373"}],"curies":[{"name":"wp","href":"https:\/\/api.w.org\/{rel}","templated":true}]}}