{"id":46385,"date":"2024-05-24T11:53:16","date_gmt":"2024-05-24T11:53:16","guid":{"rendered":"https:\/\/shineiberia.tv\/?page_id=46385"},"modified":"2025-08-21T14:01:30","modified_gmt":"2025-08-21T14:01:30","slug":"patricia-louro-2","status":"publish","type":"page","link":"https:\/\/shineiberia.tv\/pt-pt\/shine-iberia\/patricia-louro-2\/","title":{"rendered":"Patr\u00edcia Louro"},"content":{"rendered":"<p>[et_pb_section fb_built=&#8221;1&#8243; admin_label=&#8221;Foto Cabecera&#8221; module_class=&#8221;secc-cab-prog secc-eq-desc&#8221; _builder_version=&#8221;4.21.0&#8243; _module_preset=&#8221;default&#8221; background_enable_color=&#8221;off&#8221; background_image=&#8221;https:\/\/www.shineiberia.tv\/wp-content\/uploads\/2023\/06\/cabecera-shine-iberia.jpeg&#8221; background_blend=&#8221;multiply&#8221; da_disable_devices=&#8221;off|off|off&#8221; collapsed=&#8221;off&#8221; global_colors_info=&#8221;{}&#8221; da_is_popup=&#8221;off&#8221; da_exit_intent=&#8221;off&#8221; da_has_close=&#8221;on&#8221; da_alt_close=&#8221;off&#8221; da_dark_close=&#8221;off&#8221; da_not_modal=&#8221;on&#8221; da_is_singular=&#8221;off&#8221; da_with_loader=&#8221;off&#8221; da_has_shadow=&#8221;on&#8221;][et_pb_row _builder_version=&#8221;4.19.5&#8243; _module_preset=&#8221;default&#8221; global_colors_info=&#8221;{}&#8221;][et_pb_column type=&#8221;4_4&#8243; _builder_version=&#8221;4.19.5&#8243; _module_preset=&#8221;default&#8221; global_colors_info=&#8221;{}&#8221;][et_pb_text disabled_on=&#8221;off|off|on&#8221; admin_label=&#8221;Nombre &#8211; Mvl &#038; Tablet&#8221; _builder_version=&#8221;4.21.0&#8243; _module_preset=&#8221;default&#8221; global_colors_info=&#8221;{}&#8221;]<\/p>\n<h1 class=\"ld-h1-a\">Patr\u00edcia Louro<\/h1>\n<p>[\/et_pb_text][\/et_pb_column][\/et_pb_row][\/et_pb_section][et_pb_section fb_built=&#8221;1&#8243; disabled_on=&#8221;on|on|off&#8221; admin_label=&#8221;Contenido Cabecera &#8211; PC&#8221; module_class=&#8221;secc-inic-a&#8221; _builder_version=&#8221;4.20.0&#8243; _module_preset=&#8221;default&#8221; background_enable_image=&#8221;off&#8221; da_disable_devices=&#8221;off|off|off&#8221; collapsed=&#8221;off&#8221; global_colors_info=&#8221;{}&#8221; da_is_popup=&#8221;off&#8221; da_exit_intent=&#8221;off&#8221; da_has_close=&#8221;on&#8221; da_alt_close=&#8221;off&#8221; da_dark_close=&#8221;off&#8221; da_not_modal=&#8221;on&#8221; da_is_singular=&#8221;off&#8221; da_with_loader=&#8221;off&#8221; da_has_shadow=&#8221;on&#8221;][et_pb_row column_structure=&#8221;1_3,2_3&#8243; disabled_on=&#8221;on|on|off&#8221; module_class=&#8221;fila-a&#8221; _builder_version=&#8221;4.21.0&#8243; _module_preset=&#8221;default&#8221; global_colors_info=&#8221;{}&#8221;][et_pb_column type=&#8221;1_3&#8243; module_class=&#8221;col-a&#8221; admin_label=&#8221;Foto con Logo del Programa en %22Fondo%22&#8243; _builder_version=&#8221;4.21.0&#8243; _module_preset=&#8221;default&#8221; background_image=&#8221;https:\/\/www.shineiberia.tv\/wp-content\/uploads\/2025\/08\/Patricia-Louro-500&#215;500.2@ceciliabayonasfoto.L1060160.jpg&#8221; global_colors_info=&#8221;{}&#8221;][\/et_pb_column][et_pb_column type=&#8221;2_3&#8243; module_class=&#8221;col-b&#8221; _builder_version=&#8221;4.20.0&#8243; _module_preset=&#8221;default&#8221; global_colors_info=&#8221;{}&#8221;][et_pb_text admin_label=&#8221;Nombre &#8211; PC&#8221; _builder_version=&#8221;4.21.0&#8243; _module_preset=&#8221;default&#8221; global_colors_info=&#8221;{}&#8221;]<\/p>\n<h1 class=\"ld-h1-a\">Patr\u00edcia Louro<\/h1>\n<p>[\/et_pb_text][et_pb_text admin_label=&#8221;Puesto&#8221; _builder_version=&#8221;4.21.0&#8243; _module_preset=&#8221;default&#8221; global_colors_info=&#8221;{}&#8221;]<\/p>\n<p class=\"ld-p-b\">Produtora executiva<\/p>\n<p>[\/et_pb_text][\/et_pb_column][\/et_pb_row][\/et_pb_section][et_pb_section fb_built=&#8221;1&#8243; disabled_on=&#8221;off|off|on&#8221; admin_label=&#8221;Contenido Cabecera &#8211; Mvl &#038; Tablet&#8221; module_class=&#8221;secc-inic-a secc-eq-a&#8221; _builder_version=&#8221;4.21.0&#8243; _module_preset=&#8221;default&#8221; background_enable_image=&#8221;off&#8221; da_disable_devices=&#8221;off|off|off&#8221; collapsed=&#8221;off&#8221; global_colors_info=&#8221;{}&#8221; da_is_popup=&#8221;off&#8221; da_exit_intent=&#8221;off&#8221; da_has_close=&#8221;on&#8221; da_alt_close=&#8221;off&#8221; da_dark_close=&#8221;off&#8221; da_not_modal=&#8221;on&#8221; da_is_singular=&#8221;off&#8221; da_with_loader=&#8221;off&#8221; da_has_shadow=&#8221;on&#8221;][et_pb_row disabled_on=&#8221;off|off|off&#8221; _builder_version=&#8221;4.20.2&#8243; _module_preset=&#8221;default&#8221; global_colors_info=&#8221;{}&#8221;][et_pb_column type=&#8221;4_4&#8243; _builder_version=&#8221;4.20.2&#8243; _module_preset=&#8221;default&#8221; global_colors_info=&#8221;{}&#8221;][et_pb_image src=&#8221;https:\/\/www.shineiberia.tv\/wp-content\/uploads\/2025\/08\/Patricia-Louro-500&#215;500.2@ceciliabayonasfoto.L1060160.jpg&#8221; _builder_version=&#8221;4.21.0&#8243; _module_preset=&#8221;default&#8221; global_colors_info=&#8221;{}&#8221;][\/et_pb_image][et_pb_text admin_label=&#8221;Puesto&#8221; _builder_version=&#8221;4.21.0&#8243; _module_preset=&#8221;default&#8221; global_colors_info=&#8221;{}&#8221;]<\/p>\n<p class=\"ld-p-b\">Produtora executiva<\/p>\n<p>[\/et_pb_text][\/et_pb_column][\/et_pb_row][\/et_pb_section][et_pb_section fb_built=&#8221;1&#8243; disabled_on=&#8221;off|off|off&#8221; admin_label=&#8221;Texto&#8221; module_class=&#8221;secc-inic-b secc-eq-b&#8221; _builder_version=&#8221;4.21.0&#8243; _module_preset=&#8221;default&#8221; da_disable_devices=&#8221;off|off|off&#8221; collapsed=&#8221;off&#8221; global_colors_info=&#8221;{}&#8221; da_is_popup=&#8221;off&#8221; da_exit_intent=&#8221;off&#8221; da_has_close=&#8221;on&#8221; da_alt_close=&#8221;off&#8221; da_dark_close=&#8221;off&#8221; da_not_modal=&#8221;on&#8221; da_is_singular=&#8221;off&#8221; da_with_loader=&#8221;off&#8221; da_has_shadow=&#8221;on&#8221;][et_pb_row _builder_version=&#8221;4.20.0&#8243; _module_preset=&#8221;default&#8221; global_colors_info=&#8221;{}&#8221;][et_pb_column type=&#8221;4_4&#8243; _builder_version=&#8221;4.20.0&#8243; _module_preset=&#8221;default&#8221; global_colors_info=&#8221;{}&#8221;][et_pb_text _builder_version=&#8221;4.27.4&#8243; _module_preset=&#8221;default&#8221; hover_enabled=&#8221;0&#8243; global_colors_info=&#8221;{}&#8221; sticky_enabled=&#8221;0&#8243;]<\/p>\n<p class=\"ld-p-a\">Iniciou a sua carreira em televis\u00e3o em 1994, na Endemol. Durante 14 anos foi Argumentista (The Soundmix Show), Diretora de Pesquisa (Show Surpresa, All You Need is Love, Gala de Abertura da Expo&#8217;98, Academia das Estrelas, Can\u00e7\u00f5es da Nossa Vida, etc.), Directora de TV de Quem Quer Ser Milion\u00e1rio, 1 vs 100 e Primeira Companhia, Diretora de Conte\u00fados de reality shows e programas de entretenimento (Fear Fator, Big Brother 1-6, Blind Faith, Masterplan, Circo das Celebridades, Beauty and the Geek, The Bachelor, etc.).<\/p>\n<p class=\"ld-p-a\">Foi uma das fundadoras da CBV, como executiva de aquisi\u00e7\u00f5es e produtora executiva, trazendo para Portugal muitos programas de sucesso (The Voice, The Cube, Quem se Atreve a Cantar, Globos de Ouro, Face Model of the Year, etc.).<\/p>\n<p class=\"ld-p-a\">Depois disso, trabalhou na Fremantle como Diretora de Conte\u00fados (Biggest Loser), Shine Iberia (Chefs Academy Kids) e na Contos de ver\u00e3o como Produtora Executiva de projetos no estrangeiro. Trabalhou durante 5 anos na Valentim de Carvalho como Directora Geral de Produ\u00e7\u00e3o e Conte\u00fados, produzindo: programas de quiz (Quem Quer Ser Milion\u00e1rio, Joker), s\u00e9ries de sitcom (Sim, Chef! Nelo e D\u00e1lia), s\u00e9ries de com\u00e9dia (Donos Disto Tudo, C\u00e1 por Casa), document\u00e1rios e Salvador Martinha &#8211; Na Ponta da L\u00edngua, o primeiro conte\u00fado original em portugu\u00eas para a Netflix. Regressou \u00e0 sua primeira \u201ccasa\u201d televisiva como Produtora Executiva na Endemol Portugal em abril de 2019.<\/p>\n<p>[\/et_pb_text][\/et_pb_column][\/et_pb_row][\/et_pb_section]<\/p>\n","protected":false},"excerpt":{"rendered":"<p>Patr\u00edcia Louro Patr\u00edcia Louro Produtora executiva Produtora executiva Iniciou a sua carreira em televis\u00e3o em 1994, na Endemol. Durante 14 anos foi Argumentista (The Soundmix Show), Diretora de Pesquisa (Show Surpresa, All You Need is Love, Gala de Abertura da Expo&#8217;98, Academia das Estrelas, Can\u00e7\u00f5es da Nossa Vida, etc.), Directora de TV de Quem Quer [&hellip;]<\/p>\n","protected":false},"author":1,"featured_media":0,"parent":38707,"menu_order":14,"comment_status":"closed","ping_status":"closed","template":"","meta":{"_acf_changed":false,"_et_pb_use_builder":"on","_et_pb_old_content":"","_et_gb_content_width":"","footnotes":""},"class_list":["post-46385","page","type-page","status-publish","hentry"],"acf":[],"yoast_head":"<!-- This site is optimized with the Yoast SEO plugin v25.9 - https:\/\/yoast.com\/wordpress\/plugins\/seo\/ -->\n<title>Patr\u00edcia Louro - Shine Iberia<\/title>\n<meta name=\"robots\" content=\"index, follow, max-snippet:-1, max-image-preview:large, max-video-preview:-1\" \/>\n<link rel=\"canonical\" href=\"https:\/\/shineiberia.tv\/pt-pt\/shine-iberia\/patricia-louro-2\/\" \/>\n<meta property=\"og:locale\" content=\"pt_PT\" \/>\n<meta property=\"og:type\" content=\"article\" \/>\n<meta property=\"og:title\" content=\"Patr\u00edcia Louro - Shine Iberia\" \/>\n<meta property=\"og:site_name\" content=\"Shine Iberia\" \/>\n<meta property=\"article:modified_time\" content=\"2025-08-21T14:01:30+00:00\" \/>\n<meta name=\"twitter:card\" content=\"summary_large_image\" \/>\n<meta name=\"twitter:label1\" content=\"Tempo estimado de leitura\" \/>\n\t<meta name=\"twitter:data1\" content=\"2 minutos\" \/>\n<script type=\"application\/ld+json\" class=\"yoast-schema-graph\">{\"@context\":\"https:\/\/schema.org\",\"@graph\":[{\"@type\":\"WebPage\",\"@id\":\"https:\/\/shineiberia.tv\/pt-pt\/shine-iberia\/patricia-louro-2\/\",\"url\":\"https:\/\/shineiberia.tv\/pt-pt\/shine-iberia\/patricia-louro-2\/\",\"name\":\"Patr\u00edcia Louro - Shine Iberia\",\"isPartOf\":{\"@id\":\"https:\/\/shineiberia.tv\/en\/#website\"},\"datePublished\":\"2024-05-24T11:53:16+00:00\",\"dateModified\":\"2025-08-21T14:01:30+00:00\",\"breadcrumb\":{\"@id\":\"https:\/\/shineiberia.tv\/pt-pt\/shine-iberia\/patricia-louro-2\/#breadcrumb\"},\"inLanguage\":\"pt-PT\",\"potentialAction\":[{\"@type\":\"ReadAction\",\"target\":[\"https:\/\/shineiberia.tv\/pt-pt\/shine-iberia\/patricia-louro-2\/\"]}]},{\"@type\":\"BreadcrumbList\",\"@id\":\"https:\/\/shineiberia.tv\/pt-pt\/shine-iberia\/patricia-louro-2\/#breadcrumb\",\"itemListElement\":[{\"@type\":\"ListItem\",\"position\":1,\"name\":\"Portada\",\"item\":\"https:\/\/www.shineiberia.tv\/pt-pt\/\"},{\"@type\":\"ListItem\",\"position\":2,\"name\":\"Shine Iberia\",\"item\":\"https:\/\/shineiberia.tv\/pt-pt\/shine-iberia\/\"},{\"@type\":\"ListItem\",\"position\":3,\"name\":\"Patr\u00edcia Louro\"}]},{\"@type\":\"WebSite\",\"@id\":\"https:\/\/shineiberia.tv\/en\/#website\",\"url\":\"https:\/\/shineiberia.tv\/en\/\",\"name\":\"Shine Iberia\",\"description\":\"\",\"potentialAction\":[{\"@type\":\"SearchAction\",\"target\":{\"@type\":\"EntryPoint\",\"urlTemplate\":\"https:\/\/shineiberia.tv\/en\/?s={search_term_string}\"},\"query-input\":{\"@type\":\"PropertyValueSpecification\",\"valueRequired\":true,\"valueName\":\"search_term_string\"}}],\"inLanguage\":\"pt-PT\"}]}<\/script>\n<!-- \/ Yoast SEO plugin. -->","yoast_head_json":{"title":"Patr\u00edcia Louro - Shine Iberia","robots":{"index":"index","follow":"follow","max-snippet":"max-snippet:-1","max-image-preview":"max-image-preview:large","max-video-preview":"max-video-preview:-1"},"canonical":"https:\/\/shineiberia.tv\/pt-pt\/shine-iberia\/patricia-louro-2\/","og_locale":"pt_PT","og_type":"article","og_title":"Patr\u00edcia Louro - Shine Iberia","og_site_name":"Shine Iberia","article_modified_time":"2025-08-21T14:01:30+00:00","twitter_card":"summary_large_image","twitter_misc":{"Tempo estimado de leitura":"2 minutos"},"schema":{"@context":"https:\/\/schema.org","@graph":[{"@type":"WebPage","@id":"https:\/\/shineiberia.tv\/pt-pt\/shine-iberia\/patricia-louro-2\/","url":"https:\/\/shineiberia.tv\/pt-pt\/shine-iberia\/patricia-louro-2\/","name":"Patr\u00edcia Louro - Shine Iberia","isPartOf":{"@id":"https:\/\/shineiberia.tv\/en\/#website"},"datePublished":"2024-05-24T11:53:16+00:00","dateModified":"2025-08-21T14:01:30+00:00","breadcrumb":{"@id":"https:\/\/shineiberia.tv\/pt-pt\/shine-iberia\/patricia-louro-2\/#breadcrumb"},"inLanguage":"pt-PT","potentialAction":[{"@type":"ReadAction","target":["https:\/\/shineiberia.tv\/pt-pt\/shine-iberia\/patricia-louro-2\/"]}]},{"@type":"BreadcrumbList","@id":"https:\/\/shineiberia.tv\/pt-pt\/shine-iberia\/patricia-louro-2\/#breadcrumb","itemListElement":[{"@type":"ListItem","position":1,"name":"Portada","item":"https:\/\/www.shineiberia.tv\/pt-pt\/"},{"@type":"ListItem","position":2,"name":"Shine Iberia","item":"https:\/\/shineiberia.tv\/pt-pt\/shine-iberia\/"},{"@type":"ListItem","position":3,"name":"Patr\u00edcia Louro"}]},{"@type":"WebSite","@id":"https:\/\/shineiberia.tv\/en\/#website","url":"https:\/\/shineiberia.tv\/en\/","name":"Shine Iberia","description":"","potentialAction":[{"@type":"SearchAction","target":{"@type":"EntryPoint","urlTemplate":"https:\/\/shineiberia.tv\/en\/?s={search_term_string}"},"query-input":{"@type":"PropertyValueSpecification","valueRequired":true,"valueName":"search_term_string"}}],"inLanguage":"pt-PT"}]}},"_links":{"self":[{"href":"https:\/\/shineiberia.tv\/pt-pt\/wp-json\/wp\/v2\/pages\/46385","targetHints":{"allow":["GET"]}}],"collection":[{"href":"https:\/\/shineiberia.tv\/pt-pt\/wp-json\/wp\/v2\/pages"}],"about":[{"href":"https:\/\/shineiberia.tv\/pt-pt\/wp-json\/wp\/v2\/types\/page"}],"author":[{"embeddable":true,"href":"https:\/\/shineiberia.tv\/pt-pt\/wp-json\/wp\/v2\/users\/1"}],"replies":[{"embeddable":true,"href":"https:\/\/shineiberia.tv\/pt-pt\/wp-json\/wp\/v2\/comments?post=46385"}],"version-history":[{"count":11,"href":"https:\/\/shineiberia.tv\/pt-pt\/wp-json\/wp\/v2\/pages\/46385\/revisions"}],"predecessor-version":[{"id":48998,"href":"https:\/\/shineiberia.tv\/pt-pt\/wp-json\/wp\/v2\/pages\/46385\/revisions\/48998"}],"up":[{"embeddable":true,"href":"https:\/\/shineiberia.tv\/pt-pt\/wp-json\/wp\/v2\/pages\/38707"}],"wp:attachment":[{"href":"https:\/\/shineiberia.tv\/pt-pt\/wp-json\/wp\/v2\/media?parent=46385"}],"curies":[{"name":"wp","href":"https:\/\/api.w.org\/{rel}","templated":true}]}}